{"id":6935,"date":"2023-01-12T09:31:43","date_gmt":"2023-01-12T08:31:43","guid":{"rendered":"https:\/\/www.kueba.ch\/impressum\/"},"modified":"2023-05-11T10:35:11","modified_gmt":"2023-05-11T08:35:11","slug":"impressum","status":"publish","type":"page","link":"https:\/\/www.kueba.ch\/fr\/impressum\/","title":{"rendered":"Impressum"},"content":{"rendered":"\t\t<div data-elementor-type=\"wp-page\" data-elementor-id=\"6935\" class=\"elementor elementor-6935 elementor-5943\" data-elementor-post-type=\"page\">\n\t\t\t\t<section class=\"elementor-element elementor-element-5434cf43 e-flex e-con-boxed e-con e-parent\" data-id=\"5434cf43\" data-element_type=\"container\" data-e-type=\"container\">\n\t\t\t\t\t<div class=\"e-con-inner\">\n\t\t\t\t<div class=\"elementor-element elementor-element-237cf03 elementor-widget__width-initial elementor-widget elementor-widget-heading\" data-id=\"237cf03\" data-element_type=\"widget\" data-e-type=\"widget\" data-widget_type=\"heading.default\">\n\t\t\t\t<div class=\"elementor-widget-container\">\n\t\t\t\t\t<p class=\"elementor-heading-title elementor-size-default\">Notre holding<\/p>\t\t\t\t<\/div>\n\t\t\t\t<\/div>\n\t\t\t\t<div class=\"elementor-element elementor-element-94f3bcb elementor-widget__width-initial elementor-widget elementor-widget-heading\" data-id=\"94f3bcb\" data-element_type=\"widget\" data-e-type=\"widget\" data-widget_type=\"heading.default\">\n\t\t\t\t<div class=\"elementor-widget-container\">\n\t\t\t\t\t<h1 class=\"elementor-heading-title elementor-size-default\">Impressum<\/h1>\t\t\t\t<\/div>\n\t\t\t\t<\/div>\n\t\t\t\t\t<\/div>\n\t\t\t\t<\/section>\n\t\t<section class=\"elementor-element elementor-element-19f42a72 e-flex e-con-boxed e-con e-parent\" data-id=\"19f42a72\" data-element_type=\"container\" data-e-type=\"container\" data-settings=\"{&quot;background_background&quot;:&quot;classic&quot;}\">\n\t\t\t\t\t<div class=\"e-con-inner\">\n\t\t\t\t<div class=\"elementor-element elementor-element-4480a30e elementor-widget elementor-widget-heading\" data-id=\"4480a30e\" data-element_type=\"widget\" data-e-type=\"widget\" data-widget_type=\"heading.default\">\n\t\t\t\t<div class=\"elementor-widget-container\">\n\t\t\t\t\t<h2 class=\"elementor-heading-title elementor-size-default\">Impressum<\/h2>\t\t\t\t<\/div>\n\t\t\t\t<\/div>\n\t\t\t\t<div class=\"elementor-element elementor-element-76094298 elementor-widget elementor-widget-text-editor\" data-id=\"76094298\" data-element_type=\"widget\" data-e-type=\"widget\" data-widget_type=\"text-editor.default\">\n\t\t\t\t<div class=\"elementor-widget-container\">\n\t\t\t\t\t\t\t\t\t<p>K\u00fcnzlerBachmann AG<br \/>\nZ\u00fcrcherstrasse 601<br \/>\nPostfach<br \/>\nCH-9015 St. Gallen<\/p>\n<p>Tel: +41 (0) 71 314 04 44<br \/>\nFax: +41 (0) 71 314 04 45<\/p>\n\t\t\t\t\t\t\t\t<\/div>\n\t\t\t\t<\/div>\n\t\t\t\t<div class=\"elementor-element elementor-element-2a4d9562 elementor-widget-divider--view-line elementor-widget elementor-widget-divider\" data-id=\"2a4d9562\" data-element_type=\"widget\" data-e-type=\"widget\" data-widget_type=\"divider.default\">\n\t\t\t\t<div class=\"elementor-widget-container\">\n\t\t\t\t\t\t\t<div class=\"elementor-divider\">\n\t\t\t<span class=\"elementor-divider-separator\">\n\t\t\t\t\t\t<\/span>\n\t\t<\/div>\n\t\t\t\t\t\t<\/div>\n\t\t\t\t<\/div>\n\t\t\t\t<div class=\"elementor-element elementor-element-5f559a6e elementor-widget elementor-widget-heading\" data-id=\"5f559a6e\" data-element_type=\"widget\" data-e-type=\"widget\" data-widget_type=\"heading.default\">\n\t\t\t\t<div class=\"elementor-widget-container\">\n\t\t\t\t\t<h2 class=\"elementor-heading-title elementor-size-default\"> Droits d\u2019auteur<\/h2>\t\t\t\t<\/div>\n\t\t\t\t<\/div>\n\t\t\t\t<div class=\"elementor-element elementor-element-42f31b5e elementor-widget elementor-widget-text-editor\" data-id=\"42f31b5e\" data-element_type=\"widget\" data-e-type=\"widget\" data-widget_type=\"text-editor.default\">\n\t\t\t\t<div class=\"elementor-widget-container\">\n\t\t\t\t\t\t\t\t\t<p>Le contenu et la structure de nos pages internet sont prot\u00e9g\u00e9s par les droits d\u2019auteur. Toute reproduction d\u2019informations ou de donn\u00e9es et plus particuli\u00e8rement l\u2019exploitation de textes, de parties de textes ou d\u2019images, n\u00e9cessite l\u2019accord pr\u00e9alable de K\u00fcnzlerBachmann.<\/p>\n\t\t\t\t\t\t\t\t<\/div>\n\t\t\t\t<\/div>\n\t\t\t\t<div class=\"elementor-element elementor-element-7bc55c0c elementor-widget-divider--view-line elementor-widget elementor-widget-divider\" data-id=\"7bc55c0c\" data-element_type=\"widget\" data-e-type=\"widget\" data-widget_type=\"divider.default\">\n\t\t\t\t<div class=\"elementor-widget-container\">\n\t\t\t\t\t\t\t<div class=\"elementor-divider\">\n\t\t\t<span class=\"elementor-divider-separator\">\n\t\t\t\t\t\t<\/span>\n\t\t<\/div>\n\t\t\t\t\t\t<\/div>\n\t\t\t\t<\/div>\n\t\t\t\t<div class=\"elementor-element elementor-element-2d272078 elementor-widget elementor-widget-heading\" data-id=\"2d272078\" data-element_type=\"widget\" data-e-type=\"widget\" data-widget_type=\"heading.default\">\n\t\t\t\t<div class=\"elementor-widget-container\">\n\t\t\t\t\t<h2 class=\"elementor-heading-title elementor-size-default\">Clause de non-responsabilit\u00e9<\/h2>\t\t\t\t<\/div>\n\t\t\t\t<\/div>\n\t\t\t\t<div class=\"elementor-element elementor-element-60a0fa37 elementor-widget elementor-widget-text-editor\" data-id=\"60a0fa37\" data-element_type=\"widget\" data-e-type=\"widget\" data-widget_type=\"text-editor.default\">\n\t\t\t\t<div class=\"elementor-widget-container\">\n\t\t\t\t\t\t\t\t\t<p>K\u00fcnzlerBachmann effectue r\u00e9guli\u00e8rement des mises \u00e0 jour de ses pages Internet. Malgr\u00e9 tout le soin apport\u00e9 \u00e0 ces mises \u00e0 jour, des donn\u00e9es figurant sur ces pages peuvent avoir chang\u00e9 entre deux mises \u00e0 jour. Nous ne pouvons donc assumer aucune responsabilit\u00e9 ni garantie quant \u00e0 l\u2019actualisation, l\u2019exactitude et compl\u00e9tude des informations communiqu\u00e9es. K\u00fcnzlerBachmann se r\u00e9serve par ailleurs le droit de modifier ou compl\u00e9ter \u00e0 tout moment, sans pr\u00e9avis, les pages Internet mises \u00e0 disposition.<\/p>\n\t\t\t\t\t\t\t\t<\/div>\n\t\t\t\t<\/div>\n\t\t\t\t<div class=\"elementor-element elementor-element-55f1ec8 elementor-widget-divider--view-line elementor-widget elementor-widget-divider\" data-id=\"55f1ec8\" data-element_type=\"widget\" data-e-type=\"widget\" data-widget_type=\"divider.default\">\n\t\t\t\t<div class=\"elementor-widget-container\">\n\t\t\t\t\t\t\t<div class=\"elementor-divider\">\n\t\t\t<span class=\"elementor-divider-separator\">\n\t\t\t\t\t\t<\/span>\n\t\t<\/div>\n\t\t\t\t\t\t<\/div>\n\t\t\t\t<\/div>\n\t\t\t\t<div class=\"elementor-element elementor-element-ab0ac5e elementor-widget elementor-widget-heading\" data-id=\"ab0ac5e\" data-element_type=\"widget\" data-e-type=\"widget\" data-widget_type=\"heading.default\">\n\t\t\t\t<div class=\"elementor-widget-container\">\n\t\t\t\t\t<h2 class=\"elementor-heading-title elementor-size-default\">Sites web de tierces parties<\/h2>\t\t\t\t<\/div>\n\t\t\t\t<\/div>\n\t\t\t\t<div class=\"elementor-element elementor-element-76a469e4 elementor-widget elementor-widget-text-editor\" data-id=\"76a469e4\" data-element_type=\"widget\" data-e-type=\"widget\" data-widget_type=\"text-editor.default\">\n\t\t\t\t<div class=\"elementor-widget-container\">\n\t\t\t\t\t\t\t\t\t<p>Tout lien vers d\u2019autres pages Internet, de m\u00eame que toute information de tiers sur ce site web, doivent \u00eatre consid\u00e9r\u00e9s uniquement comme un simple geste de courtoisie envers les utilisateurs. K\u00fcnzlerBachmann n\u2019assumera par cons\u00e9quent aucune responsabilit\u00e9 quant aux contenus desdites pages et ne pourra \u00eatre consid\u00e9r\u00e9 comme d\u00e9fendant les opinions qui y sont publi\u00e9es. K\u00fcnzlerBachmann d\u00e9clinera \u00e9galement toute responsabilit\u00e9 quant \u00e0 des contenus ou pr\u00e9judices d\u00e9coulant de la consultation ou utilisation de pages internet de tiers.<\/p>\n\t\t\t\t\t\t\t\t<\/div>\n\t\t\t\t<\/div>\n\t\t\t\t\t<\/div>\n\t\t\t\t<\/section>\n\t\t\t\t<\/div>\n\t\t","protected":false},"excerpt":{"rendered":"<p>Notre holding Impressum Impressum K\u00fcnzlerBachmann AG Z\u00fcrcherstrasse 601 Postfach CH-9015 St. Gallen Tel: +41 (0) 71 314 04 44 Fax: +41 (0) 71 314 04 45 Droits d\u2019auteur Le contenu et la structure de nos pages internet sont prot\u00e9g\u00e9s par les droits d\u2019auteur. Toute reproduction d\u2019informations ou de donn\u00e9es et plus particuli\u00e8rement l\u2019exploitation de textes, [&hellip;]<\/p>\n","protected":false},"author":2,"featured_media":0,"parent":0,"menu_order":0,"comment_status":"closed","ping_status":"closed","template":"","meta":{"footnotes":""},"class_list":["post-6935","page","type-page","status-publish","hentry"],"yoast_head":"<!-- This site is optimized with the Yoast SEO plugin v27.5 - https:\/\/yoast.com\/product\/yoast-seo-wordpress\/ -->\n<title>Impressum - K\u00fcnzlerBachmann AG<\/title>\n<meta name=\"robots\" content=\"index, follow, max-snippet:-1, max-image-preview:large, max-video-preview:-1\" \/>\n<link rel=\"canonical\" href=\"https:\/\/www.kueba.ch\/fr\/impressum\/\" \/>\n<meta property=\"og:locale\" content=\"fr_FR\" \/>\n<meta property=\"og:type\" content=\"article\" \/>\n<meta property=\"og:title\" content=\"Impressum - K\u00fcnzlerBachmann AG\" \/>\n<meta property=\"og:description\" content=\"Notre holding Impressum Impressum K\u00fcnzlerBachmann AG Z\u00fcrcherstrasse 601 Postfach CH-9015 St. Gallen Tel: +41 (0) 71 314 04 44 Fax: +41 (0) 71 314 04 45 Droits d\u2019auteur Le contenu et la structure de nos pages internet sont prot\u00e9g\u00e9s par les droits d\u2019auteur. Toute reproduction d\u2019informations ou de donn\u00e9es et plus particuli\u00e8rement l\u2019exploitation de textes, [&hellip;]\" \/>\n<meta property=\"og:url\" content=\"https:\/\/www.kueba.ch\/fr\/impressum\/\" \/>\n<meta property=\"og:site_name\" content=\"K\u00fcnzlerBachmann AG\" \/>\n<meta property=\"article:modified_time\" content=\"2023-05-11T08:35:11+00:00\" \/>\n<meta name=\"twitter:card\" content=\"summary_large_image\" \/>\n<meta name=\"twitter:label1\" content=\"Dur\u00e9e de lecture estim\u00e9e\" \/>\n\t<meta name=\"twitter:data1\" content=\"1 minute\" \/>\n<script type=\"application\/ld+json\" class=\"yoast-schema-graph\">{\"@context\":\"https:\\\/\\\/schema.org\",\"@graph\":[{\"@type\":\"WebPage\",\"@id\":\"https:\\\/\\\/www.kueba.ch\\\/fr\\\/impressum\\\/\",\"url\":\"https:\\\/\\\/www.kueba.ch\\\/fr\\\/impressum\\\/\",\"name\":\"Impressum - K\u00fcnzlerBachmann AG\",\"isPartOf\":{\"@id\":\"https:\\\/\\\/www.kueba.ch\\\/fr\\\/#website\"},\"datePublished\":\"2023-01-12T08:31:43+00:00\",\"dateModified\":\"2023-05-11T08:35:11+00:00\",\"breadcrumb\":{\"@id\":\"https:\\\/\\\/www.kueba.ch\\\/fr\\\/impressum\\\/#breadcrumb\"},\"inLanguage\":\"fr-FR\",\"potentialAction\":[{\"@type\":\"ReadAction\",\"target\":[\"https:\\\/\\\/www.kueba.ch\\\/fr\\\/impressum\\\/\"]}]},{\"@type\":\"BreadcrumbList\",\"@id\":\"https:\\\/\\\/www.kueba.ch\\\/fr\\\/impressum\\\/#breadcrumb\",\"itemListElement\":[{\"@type\":\"ListItem\",\"position\":1,\"name\":\"Startseite\",\"item\":\"https:\\\/\\\/www.kueba.ch\\\/fr\\\/\"},{\"@type\":\"ListItem\",\"position\":2,\"name\":\"Impressum\"}]},{\"@type\":\"WebSite\",\"@id\":\"https:\\\/\\\/www.kueba.ch\\\/fr\\\/#website\",\"url\":\"https:\\\/\\\/www.kueba.ch\\\/fr\\\/\",\"name\":\"K\u00fcnzlerBachmann AG\",\"description\":\"\",\"publisher\":{\"@id\":\"https:\\\/\\\/www.kueba.ch\\\/fr\\\/#organization\"},\"potentialAction\":[{\"@type\":\"SearchAction\",\"target\":{\"@type\":\"EntryPoint\",\"urlTemplate\":\"https:\\\/\\\/www.kueba.ch\\\/fr\\\/?s={search_term_string}\"},\"query-input\":{\"@type\":\"PropertyValueSpecification\",\"valueRequired\":true,\"valueName\":\"search_term_string\"}}],\"inLanguage\":\"fr-FR\"},{\"@type\":\"Organization\",\"@id\":\"https:\\\/\\\/www.kueba.ch\\\/fr\\\/#organization\",\"name\":\"K\u00fcnzlerBachmann AG\",\"url\":\"https:\\\/\\\/www.kueba.ch\\\/fr\\\/\",\"logo\":{\"@type\":\"ImageObject\",\"inLanguage\":\"fr-FR\",\"@id\":\"https:\\\/\\\/www.kueba.ch\\\/fr\\\/#\\\/schema\\\/logo\\\/image\\\/\",\"url\":\"https:\\\/\\\/www.kueba.ch\\\/wp-content\\\/uploads\\\/logo-kbholding-1.svg\",\"contentUrl\":\"https:\\\/\\\/www.kueba.ch\\\/wp-content\\\/uploads\\\/logo-kbholding-1.svg\",\"width\":435,\"height\":95,\"caption\":\"K\u00fcnzlerBachmann AG\"},\"image\":{\"@id\":\"https:\\\/\\\/www.kueba.ch\\\/fr\\\/#\\\/schema\\\/logo\\\/image\\\/\"}}]}<\/script>\n<!-- \/ Yoast SEO plugin. -->","yoast_head_json":{"title":"Impressum - K\u00fcnzlerBachmann AG","robots":{"index":"index","follow":"follow","max-snippet":"max-snippet:-1","max-image-preview":"max-image-preview:large","max-video-preview":"max-video-preview:-1"},"canonical":"https:\/\/www.kueba.ch\/fr\/impressum\/","og_locale":"fr_FR","og_type":"article","og_title":"Impressum - K\u00fcnzlerBachmann AG","og_description":"Notre holding Impressum Impressum K\u00fcnzlerBachmann AG Z\u00fcrcherstrasse 601 Postfach CH-9015 St. Gallen Tel: +41 (0) 71 314 04 44 Fax: +41 (0) 71 314 04 45 Droits d\u2019auteur Le contenu et la structure de nos pages internet sont prot\u00e9g\u00e9s par les droits d\u2019auteur. Toute reproduction d\u2019informations ou de donn\u00e9es et plus particuli\u00e8rement l\u2019exploitation de textes, [&hellip;]","og_url":"https:\/\/www.kueba.ch\/fr\/impressum\/","og_site_name":"K\u00fcnzlerBachmann AG","article_modified_time":"2023-05-11T08:35:11+00:00","twitter_card":"summary_large_image","twitter_misc":{"Dur\u00e9e de lecture estim\u00e9e":"1 minute"},"schema":{"@context":"https:\/\/schema.org","@graph":[{"@type":"WebPage","@id":"https:\/\/www.kueba.ch\/fr\/impressum\/","url":"https:\/\/www.kueba.ch\/fr\/impressum\/","name":"Impressum - K\u00fcnzlerBachmann AG","isPartOf":{"@id":"https:\/\/www.kueba.ch\/fr\/#website"},"datePublished":"2023-01-12T08:31:43+00:00","dateModified":"2023-05-11T08:35:11+00:00","breadcrumb":{"@id":"https:\/\/www.kueba.ch\/fr\/impressum\/#breadcrumb"},"inLanguage":"fr-FR","potentialAction":[{"@type":"ReadAction","target":["https:\/\/www.kueba.ch\/fr\/impressum\/"]}]},{"@type":"BreadcrumbList","@id":"https:\/\/www.kueba.ch\/fr\/impressum\/#breadcrumb","itemListElement":[{"@type":"ListItem","position":1,"name":"Startseite","item":"https:\/\/www.kueba.ch\/fr\/"},{"@type":"ListItem","position":2,"name":"Impressum"}]},{"@type":"WebSite","@id":"https:\/\/www.kueba.ch\/fr\/#website","url":"https:\/\/www.kueba.ch\/fr\/","name":"K\u00fcnzlerBachmann AG","description":"","publisher":{"@id":"https:\/\/www.kueba.ch\/fr\/#organization"},"potentialAction":[{"@type":"SearchAction","target":{"@type":"EntryPoint","urlTemplate":"https:\/\/www.kueba.ch\/fr\/?s={search_term_string}"},"query-input":{"@type":"PropertyValueSpecification","valueRequired":true,"valueName":"search_term_string"}}],"inLanguage":"fr-FR"},{"@type":"Organization","@id":"https:\/\/www.kueba.ch\/fr\/#organization","name":"K\u00fcnzlerBachmann AG","url":"https:\/\/www.kueba.ch\/fr\/","logo":{"@type":"ImageObject","inLanguage":"fr-FR","@id":"https:\/\/www.kueba.ch\/fr\/#\/schema\/logo\/image\/","url":"https:\/\/www.kueba.ch\/wp-content\/uploads\/logo-kbholding-1.svg","contentUrl":"https:\/\/www.kueba.ch\/wp-content\/uploads\/logo-kbholding-1.svg","width":435,"height":95,"caption":"K\u00fcnzlerBachmann AG"},"image":{"@id":"https:\/\/www.kueba.ch\/fr\/#\/schema\/logo\/image\/"}}]}},"_links":{"self":[{"href":"https:\/\/www.kueba.ch\/fr\/wp-json\/wp\/v2\/pages\/6935","targetHints":{"allow":["GET"]}}],"collection":[{"href":"https:\/\/www.kueba.ch\/fr\/wp-json\/wp\/v2\/pages"}],"about":[{"href":"https:\/\/www.kueba.ch\/fr\/wp-json\/wp\/v2\/types\/page"}],"author":[{"embeddable":true,"href":"https:\/\/www.kueba.ch\/fr\/wp-json\/wp\/v2\/users\/2"}],"replies":[{"embeddable":true,"href":"https:\/\/www.kueba.ch\/fr\/wp-json\/wp\/v2\/comments?post=6935"}],"version-history":[{"count":3,"href":"https:\/\/www.kueba.ch\/fr\/wp-json\/wp\/v2\/pages\/6935\/revisions"}],"predecessor-version":[{"id":6938,"href":"https:\/\/www.kueba.ch\/fr\/wp-json\/wp\/v2\/pages\/6935\/revisions\/6938"}],"wp:attachment":[{"href":"https:\/\/www.kueba.ch\/fr\/wp-json\/wp\/v2\/media?parent=6935"}],"curies":[{"name":"wp","href":"https:\/\/api.w.org\/{rel}","templated":true}]}}