{"id":6923,"date":"2023-01-12T09:31:45","date_gmt":"2023-01-12T08:31:45","guid":{"rendered":"https:\/\/www.kueba.ch\/home\/"},"modified":"2023-05-19T07:37:09","modified_gmt":"2023-05-19T05:37:09","slug":"home","status":"publish","type":"page","link":"https:\/\/www.kueba.ch\/fr\/","title":{"rendered":"Home"},"content":{"rendered":"\t\t<div data-elementor-type=\"wp-page\" data-elementor-id=\"6923\" class=\"elementor elementor-6923 elementor-5996\" data-elementor-post-type=\"page\">\n\t\t\t\t<section class=\"elementor-element elementor-element-54e9f83a animated-fast e-flex e-con-boxed elementor-invisible e-con e-parent\" data-id=\"54e9f83a\" data-element_type=\"container\" data-e-type=\"container\" data-settings=\"{&quot;background_background&quot;:&quot;classic&quot;,&quot;animation&quot;:&quot;fadeIn&quot;}\">\n\t\t\t\t\t<div class=\"e-con-inner\">\n\t\t<a class=\"elementor-element elementor-element-479bd5c1 e-con-full e-transform e-flex e-con e-parent\" data-id=\"479bd5c1\" data-element_type=\"container\" data-e-type=\"container\" data-settings=\"{&quot;_transform_scale_effect_hover&quot;:{&quot;unit&quot;:&quot;px&quot;,&quot;size&quot;:1.02,&quot;sizes&quot;:[]},&quot;_transform_scale_effect_hover_tablet&quot;:{&quot;unit&quot;:&quot;px&quot;,&quot;size&quot;:&quot;&quot;,&quot;sizes&quot;:[]},&quot;_transform_scale_effect_hover_mobile&quot;:{&quot;unit&quot;:&quot;px&quot;,&quot;size&quot;:&quot;&quot;,&quot;sizes&quot;:[]}}\" href=\"https:\/\/www.kueba.ch\/fr\/holding\/\">\n\t\t\t\t<div class=\"elementor-element elementor-element-2ba828c3 elementor-widget elementor-widget-image\" data-id=\"2ba828c3\" data-element_type=\"widget\" data-e-type=\"widget\" data-widget_type=\"image.default\">\n\t\t\t\t<div class=\"elementor-widget-container\">\n\t\t\t\t\t\t\t\t\t\t\t\t\t\t\t<img fetchpriority=\"high\" decoding=\"async\" width=\"750\" height=\"407\" src=\"https:\/\/www.kueba.ch\/wp-content\/uploads\/bild-homegrid-kb-holding.jpg\" class=\"attachment-full size-full wp-image-6702\" alt=\"\" srcset=\"https:\/\/www.kueba.ch\/wp-content\/uploads\/bild-homegrid-kb-holding.jpg 750w, https:\/\/www.kueba.ch\/wp-content\/uploads\/bild-homegrid-kb-holding-300x163.jpg 300w\" sizes=\"(max-width: 750px) 100vw, 750px\" \/>\t\t\t\t\t\t\t\t\t\t\t\t\t\t\t<\/div>\n\t\t\t\t<\/div>\n\t\t\t\t<div class=\"elementor-element elementor-element-2715a4e1 elementor-widget elementor-widget-heading\" data-id=\"2715a4e1\" data-element_type=\"widget\" data-e-type=\"widget\" data-widget_type=\"heading.default\">\n\t\t\t\t<div class=\"elementor-widget-container\">\n\t\t\t\t\t<p class=\"elementor-heading-title elementor-size-default\">K\u00fcnzlerBachmann AG<\/p>\t\t\t\t<\/div>\n\t\t\t\t<\/div>\n\t\t\t\t<\/a>\n\t\t<a class=\"elementor-element elementor-element-5271c0c8 e-con-full e-transform e-flex e-con e-parent\" data-id=\"5271c0c8\" data-element_type=\"container\" data-e-type=\"container\" data-settings=\"{&quot;_transform_scale_effect_hover&quot;:{&quot;unit&quot;:&quot;px&quot;,&quot;size&quot;:1.02,&quot;sizes&quot;:[]},&quot;_transform_scale_effect_hover_tablet&quot;:{&quot;unit&quot;:&quot;px&quot;,&quot;size&quot;:&quot;&quot;,&quot;sizes&quot;:[]},&quot;_transform_scale_effect_hover_mobile&quot;:{&quot;unit&quot;:&quot;px&quot;,&quot;size&quot;:&quot;&quot;,&quot;sizes&quot;:[]}}\" href=\"https:\/\/www.kbverlag.ch\/fr\" target=\"_blank\">\n\t\t\t\t<div class=\"elementor-element elementor-element-343857b4 elementor-widget elementor-widget-image\" data-id=\"343857b4\" data-element_type=\"widget\" data-e-type=\"widget\" data-widget_type=\"image.default\">\n\t\t\t\t<div class=\"elementor-widget-container\">\n\t\t\t\t\t\t\t\t\t\t\t\t\t\t\t<img decoding=\"async\" width=\"750\" height=\"407\" src=\"https:\/\/www.kueba.ch\/wp-content\/uploads\/bild-homegrid-kb-verlag.jpg\" class=\"attachment-full size-full wp-image-6704\" alt=\"\" srcset=\"https:\/\/www.kueba.ch\/wp-content\/uploads\/bild-homegrid-kb-verlag.jpg 750w, https:\/\/www.kueba.ch\/wp-content\/uploads\/bild-homegrid-kb-verlag-300x163.jpg 300w\" sizes=\"(max-width: 750px) 100vw, 750px\" \/>\t\t\t\t\t\t\t\t\t\t\t\t\t\t\t<\/div>\n\t\t\t\t<\/div>\n\t\t\t\t<div class=\"elementor-element elementor-element-1bf7369b elementor-widget elementor-widget-heading\" data-id=\"1bf7369b\" data-element_type=\"widget\" data-e-type=\"widget\" data-widget_type=\"heading.default\">\n\t\t\t\t<div class=\"elementor-widget-container\">\n\t\t\t\t\t<p class=\"elementor-heading-title elementor-size-default\">K\u00fcnzlerBachmann Verlag AG<\/p>\t\t\t\t<\/div>\n\t\t\t\t<\/div>\n\t\t\t\t<\/a>\n\t\t<a class=\"elementor-element elementor-element-7a841aa e-con-full e-transform e-flex e-con e-parent\" data-id=\"7a841aa\" data-element_type=\"container\" data-e-type=\"container\" data-settings=\"{&quot;_transform_scale_effect_hover&quot;:{&quot;unit&quot;:&quot;px&quot;,&quot;size&quot;:1.02,&quot;sizes&quot;:[]},&quot;_transform_scale_effect_hover_tablet&quot;:{&quot;unit&quot;:&quot;px&quot;,&quot;size&quot;:&quot;&quot;,&quot;sizes&quot;:[]},&quot;_transform_scale_effect_hover_mobile&quot;:{&quot;unit&quot;:&quot;px&quot;,&quot;size&quot;:&quot;&quot;,&quot;sizes&quot;:[]}}\" href=\"https:\/\/heussercrea.ch\" target=\"_blank\">\n\t\t\t\t<div class=\"elementor-element elementor-element-663cc164 elementor-widget elementor-widget-image\" data-id=\"663cc164\" data-element_type=\"widget\" data-e-type=\"widget\" data-widget_type=\"image.default\">\n\t\t\t\t<div class=\"elementor-widget-container\">\n\t\t\t\t\t\t\t\t\t\t\t\t\t\t\t<img decoding=\"async\" width=\"750\" height=\"407\" src=\"https:\/\/www.kueba.ch\/wp-content\/uploads\/bild-homegrid-heussercrea.jpg\" class=\"attachment-full size-full wp-image-6706\" alt=\"\" srcset=\"https:\/\/www.kueba.ch\/wp-content\/uploads\/bild-homegrid-heussercrea.jpg 750w, https:\/\/www.kueba.ch\/wp-content\/uploads\/bild-homegrid-heussercrea-300x163.jpg 300w\" sizes=\"(max-width: 750px) 100vw, 750px\" \/>\t\t\t\t\t\t\t\t\t\t\t\t\t\t\t<\/div>\n\t\t\t\t<\/div>\n\t\t\t\t<div class=\"elementor-element elementor-element-25db8443 elementor-widget elementor-widget-heading\" data-id=\"25db8443\" data-element_type=\"widget\" data-e-type=\"widget\" data-widget_type=\"heading.default\">\n\t\t\t\t<div class=\"elementor-widget-container\">\n\t\t\t\t\t<p class=\"elementor-heading-title elementor-size-default\">Heussercrea AG<\/p>\t\t\t\t<\/div>\n\t\t\t\t<\/div>\n\t\t\t\t<\/a>\n\t\t<a class=\"elementor-element elementor-element-8b167cd e-con-full e-transform e-flex e-con e-parent\" data-id=\"8b167cd\" data-element_type=\"container\" data-e-type=\"container\" data-settings=\"{&quot;_transform_scale_effect_hover&quot;:{&quot;unit&quot;:&quot;px&quot;,&quot;size&quot;:1.02,&quot;sizes&quot;:[]},&quot;_transform_scale_effect_hover_tablet&quot;:{&quot;unit&quot;:&quot;px&quot;,&quot;size&quot;:&quot;&quot;,&quot;sizes&quot;:[]},&quot;_transform_scale_effect_hover_mobile&quot;:{&quot;unit&quot;:&quot;px&quot;,&quot;size&quot;:&quot;&quot;,&quot;sizes&quot;:[]}}\" href=\"https:\/\/kbdirect.ch\/fr\/shop\/\" target=\"_blank\">\n\t\t\t\t<div class=\"elementor-element elementor-element-2e78a17a elementor-widget elementor-widget-image\" data-id=\"2e78a17a\" data-element_type=\"widget\" data-e-type=\"widget\" data-widget_type=\"image.default\">\n\t\t\t\t<div class=\"elementor-widget-container\">\n\t\t\t\t\t\t\t\t\t\t\t\t\t\t\t<img loading=\"lazy\" decoding=\"async\" width=\"750\" height=\"407\" src=\"https:\/\/www.kueba.ch\/wp-content\/uploads\/bild-homegrid-adressenshop.jpg\" class=\"attachment-full size-full wp-image-6708\" alt=\"\" srcset=\"https:\/\/www.kueba.ch\/wp-content\/uploads\/bild-homegrid-adressenshop.jpg 750w, https:\/\/www.kueba.ch\/wp-content\/uploads\/bild-homegrid-adressenshop-300x163.jpg 300w\" sizes=\"(max-width: 750px) 100vw, 750px\" \/>\t\t\t\t\t\t\t\t\t\t\t\t\t\t\t<\/div>\n\t\t\t\t<\/div>\n\t\t\t\t<div class=\"elementor-element elementor-element-7663597c elementor-widget elementor-widget-heading\" data-id=\"7663597c\" data-element_type=\"widget\" data-e-type=\"widget\" data-widget_type=\"heading.default\">\n\t\t\t\t<div class=\"elementor-widget-container\">\n\t\t\t\t\t<p class=\"elementor-heading-title elementor-size-default\">Boutique d'adresses<\/p>\t\t\t\t<\/div>\n\t\t\t\t<\/div>\n\t\t\t\t<\/a>\n\t\t<a class=\"elementor-element elementor-element-18d86609 e-con-full e-transform e-flex e-con e-parent\" data-id=\"18d86609\" data-element_type=\"container\" data-e-type=\"container\" data-settings=\"{&quot;_transform_scale_effect_hover&quot;:{&quot;unit&quot;:&quot;px&quot;,&quot;size&quot;:1.02,&quot;sizes&quot;:[]},&quot;_transform_scale_effect_hover_tablet&quot;:{&quot;unit&quot;:&quot;px&quot;,&quot;size&quot;:&quot;&quot;,&quot;sizes&quot;:[]},&quot;_transform_scale_effect_hover_mobile&quot;:{&quot;unit&quot;:&quot;px&quot;,&quot;size&quot;:&quot;&quot;,&quot;sizes&quot;:[]}}\" href=\"https:\/\/kbdirect.ch\/fr\" target=\"_blank\">\n\t\t\t\t<div class=\"elementor-element elementor-element-3a8d085 elementor-widget elementor-widget-image\" data-id=\"3a8d085\" data-element_type=\"widget\" data-e-type=\"widget\" data-widget_type=\"image.default\">\n\t\t\t\t<div class=\"elementor-widget-container\">\n\t\t\t\t\t\t\t\t\t\t\t\t\t\t\t<img loading=\"lazy\" decoding=\"async\" width=\"750\" height=\"407\" src=\"https:\/\/www.kueba.ch\/wp-content\/uploads\/bild-homegrid-kb-directmarketing.jpg\" class=\"attachment-full size-full wp-image-6710\" alt=\"\" srcset=\"https:\/\/www.kueba.ch\/wp-content\/uploads\/bild-homegrid-kb-directmarketing.jpg 750w, https:\/\/www.kueba.ch\/wp-content\/uploads\/bild-homegrid-kb-directmarketing-300x163.jpg 300w\" sizes=\"(max-width: 750px) 100vw, 750px\" \/>\t\t\t\t\t\t\t\t\t\t\t\t\t\t\t<\/div>\n\t\t\t\t<\/div>\n\t\t\t\t<div class=\"elementor-element elementor-element-384855b4 elementor-widget elementor-widget-heading\" data-id=\"384855b4\" data-element_type=\"widget\" data-e-type=\"widget\" data-widget_type=\"heading.default\">\n\t\t\t\t<div class=\"elementor-widget-container\">\n\t\t\t\t\t<p class=\"elementor-heading-title elementor-size-default\">K\u00fcnzlerBachmann Directmarketing AG<\/p>\t\t\t\t<\/div>\n\t\t\t\t<\/div>\n\t\t\t\t<\/a>\n\t\t<a class=\"elementor-element elementor-element-500248b9 e-con-full e-transform e-flex e-con e-parent\" data-id=\"500248b9\" data-element_type=\"container\" data-e-type=\"container\" data-settings=\"{&quot;_transform_scale_effect_hover&quot;:{&quot;unit&quot;:&quot;px&quot;,&quot;size&quot;:1.02,&quot;sizes&quot;:[]},&quot;_transform_scale_effect_hover_tablet&quot;:{&quot;unit&quot;:&quot;px&quot;,&quot;size&quot;:&quot;&quot;,&quot;sizes&quot;:[]},&quot;_transform_scale_effect_hover_mobile&quot;:{&quot;unit&quot;:&quot;px&quot;,&quot;size&quot;:&quot;&quot;,&quot;sizes&quot;:[]}}\" href=\"https:\/\/www.xcampaign.info\/switzerland-de\/\" target=\"_blank\">\n\t\t\t\t<div class=\"elementor-element elementor-element-483b9003 elementor-widget elementor-widget-image\" data-id=\"483b9003\" data-element_type=\"widget\" data-e-type=\"widget\" data-widget_type=\"image.default\">\n\t\t\t\t<div class=\"elementor-widget-container\">\n\t\t\t\t\t\t\t\t\t\t\t\t\t\t\t<img loading=\"lazy\" decoding=\"async\" width=\"750\" height=\"407\" src=\"https:\/\/www.kueba.ch\/wp-content\/uploads\/bild-homegrid-xcampaign.jpg\" class=\"attachment-full size-full wp-image-6712\" alt=\"\" srcset=\"https:\/\/www.kueba.ch\/wp-content\/uploads\/bild-homegrid-xcampaign.jpg 750w, https:\/\/www.kueba.ch\/wp-content\/uploads\/bild-homegrid-xcampaign-300x163.jpg 300w\" sizes=\"(max-width: 750px) 100vw, 750px\" \/>\t\t\t\t\t\t\t\t\t\t\t\t\t\t\t<\/div>\n\t\t\t\t<\/div>\n\t\t\t\t<div class=\"elementor-element elementor-element-76fb5352 elementor-widget elementor-widget-heading\" data-id=\"76fb5352\" data-element_type=\"widget\" data-e-type=\"widget\" data-widget_type=\"heading.default\">\n\t\t\t\t<div class=\"elementor-widget-container\">\n\t\t\t\t\t<p class=\"elementor-heading-title elementor-size-default\">XCAMPAIGN<\/p>\t\t\t\t<\/div>\n\t\t\t\t<\/div>\n\t\t\t\t<\/a>\n\t\t\t\t\t<\/div>\n\t\t\t\t<\/section>\n\t\t<div class=\"elementor-element elementor-element-3a522724 e-flex e-con-boxed e-con e-parent\" data-id=\"3a522724\" data-element_type=\"container\" data-e-type=\"container\" data-settings=\"{&quot;background_background&quot;:&quot;classic&quot;}\">\n\t\t\t\t\t<div class=\"e-con-inner\">\n\t\t\t\t<div class=\"elementor-element elementor-element-520f98b7 elementor-widget-divider--view-line elementor-widget elementor-widget-divider\" data-id=\"520f98b7\" data-element_type=\"widget\" data-e-type=\"widget\" data-widget_type=\"divider.default\">\n\t\t\t\t<div class=\"elementor-widget-container\">\n\t\t\t\t\t\t\t<div class=\"elementor-divider\">\n\t\t\t<span class=\"elementor-divider-separator\">\n\t\t\t\t\t\t<\/span>\n\t\t<\/div>\n\t\t\t\t\t\t<\/div>\n\t\t\t\t<\/div>\n\t\t\t\t\t<\/div>\n\t\t\t\t<\/div>\n\t\t<section class=\"elementor-element elementor-element-7405edb9 e-flex e-con-boxed e-con e-parent\" data-id=\"7405edb9\" data-element_type=\"container\" data-e-type=\"container\">\n\t\t\t\t\t<div class=\"e-con-inner\">\n\t\t\t\t<div class=\"elementor-element elementor-element-445d105e elementor-widget elementor-widget-heading\" data-id=\"445d105e\" data-element_type=\"widget\" data-e-type=\"widget\" data-widget_type=\"heading.default\">\n\t\t\t\t<div class=\"elementor-widget-container\">\n\t\t\t\t\t<h2 class=\"elementor-heading-title elementor-size-default\">Bienvenue chez K\u00fcnzlerBachmann AG<\/h2>\t\t\t\t<\/div>\n\t\t\t\t<\/div>\n\t\t\t\t<div class=\"elementor-element elementor-element-338a5f94 elementor-widget elementor-widget-text-editor\" data-id=\"338a5f94\" data-element_type=\"widget\" data-e-type=\"widget\" data-widget_type=\"text-editor.default\">\n\t\t\t\t<div class=\"elementor-widget-container\">\n\t\t\t\t\t\t\t\t\t<p>Tradition et comp\u00e9tence, r\u00e9unies sous un m\u00eame toit : c&rsquo;est K\u00fcnzlerBachmann. Gr\u00e2ce \u00e0 nos prestations compl\u00e8tes, nous posons la premi\u00e8re pierre de votre succ\u00e8s, que ce soit dans le domaine de l&rsquo;\u00e9dition ou du marketing direct. De la gestion des adresses \u00e0 la vente d&rsquo;annonces en passant par la gestion des abonn\u00e9s, nous sommes votre partenaire.<\/p>\n\t\t\t\t\t\t\t\t<\/div>\n\t\t\t\t<\/div>\n\t\t\t\t\t<\/div>\n\t\t\t\t<\/section>\n\t\t\t\t<\/div>\n\t\t","protected":false},"excerpt":{"rendered":"<p>K\u00fcnzlerBachmann AG K\u00fcnzlerBachmann Verlag AG Heussercrea AG Boutique d&rsquo;adresses K\u00fcnzlerBachmann Directmarketing AG XCAMPAIGN Bienvenue chez K\u00fcnzlerBachmann AG Tradition et comp\u00e9tence, r\u00e9unies sous un m\u00eame toit : c&rsquo;est K\u00fcnzlerBachmann. Gr\u00e2ce \u00e0 nos prestations compl\u00e8tes, nous posons la premi\u00e8re pierre de votre succ\u00e8s, que ce soit dans le domaine de l&rsquo;\u00e9dition ou du marketing direct. De la [&hellip;]<\/p>\n","protected":false},"author":2,"featured_media":0,"parent":0,"menu_order":0,"comment_status":"closed","ping_status":"closed","template":"","meta":{"footnotes":""},"class_list":["post-6923","page","type-page","status-publish","hentry"],"yoast_head":"<!-- This site is optimized with the Yoast SEO plugin v27.5 - https:\/\/yoast.com\/product\/yoast-seo-wordpress\/ -->\n<title>Home - K\u00fcnzlerBachmann AG<\/title>\n<meta name=\"description\" content=\"K\u00fcnzlerBachmann SA. Votre partenaire pour les services d&#039;\u00e9dition et de marketing direct. Du traitement des adresses \u00e0 la gestion des abonnements et \u00e0 la vente d&#039;annonces.\" \/>\n<meta name=\"robots\" content=\"index, follow, max-snippet:-1, max-image-preview:large, max-video-preview:-1\" \/>\n<link rel=\"canonical\" href=\"https:\/\/www.kueba.ch\/fr\/\" \/>\n<meta property=\"og:locale\" content=\"fr_FR\" \/>\n<meta property=\"og:type\" content=\"article\" \/>\n<meta property=\"og:title\" content=\"Home - K\u00fcnzlerBachmann AG\" \/>\n<meta property=\"og:description\" content=\"K\u00fcnzlerBachmann SA. Votre partenaire pour les services d&#039;\u00e9dition et de marketing direct. Du traitement des adresses \u00e0 la gestion des abonnements et \u00e0 la vente d&#039;annonces.\" \/>\n<meta property=\"og:url\" content=\"https:\/\/www.kueba.ch\/fr\/\" \/>\n<meta property=\"og:site_name\" content=\"K\u00fcnzlerBachmann AG\" \/>\n<meta property=\"article:modified_time\" content=\"2023-05-19T05:37:09+00:00\" \/>\n<meta property=\"og:image\" content=\"https:\/\/www.kueba.ch\/wp-content\/uploads\/bild-homegrid-kb-holding.jpg\" \/>\n<meta name=\"twitter:card\" content=\"summary_large_image\" \/>\n<script type=\"application\/ld+json\" class=\"yoast-schema-graph\">{\"@context\":\"https:\\\/\\\/schema.org\",\"@graph\":[{\"@type\":\"WebPage\",\"@id\":\"https:\\\/\\\/www.kueba.ch\\\/fr\\\/\",\"url\":\"https:\\\/\\\/www.kueba.ch\\\/fr\\\/\",\"name\":\"Home - K\u00fcnzlerBachmann AG\",\"isPartOf\":{\"@id\":\"https:\\\/\\\/www.kueba.ch\\\/fr\\\/#website\"},\"primaryImageOfPage\":{\"@id\":\"https:\\\/\\\/www.kueba.ch\\\/fr\\\/#primaryimage\"},\"image\":{\"@id\":\"https:\\\/\\\/www.kueba.ch\\\/fr\\\/#primaryimage\"},\"thumbnailUrl\":\"https:\\\/\\\/www.kueba.ch\\\/wp-content\\\/uploads\\\/bild-homegrid-kb-holding.jpg\",\"datePublished\":\"2023-01-12T08:31:45+00:00\",\"dateModified\":\"2023-05-19T05:37:09+00:00\",\"description\":\"K\u00fcnzlerBachmann SA. Votre partenaire pour les services d'\u00e9dition et de marketing direct. Du traitement des adresses \u00e0 la gestion des abonnements et \u00e0 la vente d'annonces.\",\"breadcrumb\":{\"@id\":\"https:\\\/\\\/www.kueba.ch\\\/fr\\\/#breadcrumb\"},\"inLanguage\":\"fr-FR\",\"potentialAction\":[{\"@type\":\"ReadAction\",\"target\":[\"https:\\\/\\\/www.kueba.ch\\\/fr\\\/\"]}]},{\"@type\":\"ImageObject\",\"inLanguage\":\"fr-FR\",\"@id\":\"https:\\\/\\\/www.kueba.ch\\\/fr\\\/#primaryimage\",\"url\":\"https:\\\/\\\/www.kueba.ch\\\/wp-content\\\/uploads\\\/bild-homegrid-kb-holding.jpg\",\"contentUrl\":\"https:\\\/\\\/www.kueba.ch\\\/wp-content\\\/uploads\\\/bild-homegrid-kb-holding.jpg\"},{\"@type\":\"BreadcrumbList\",\"@id\":\"https:\\\/\\\/www.kueba.ch\\\/fr\\\/#breadcrumb\",\"itemListElement\":[{\"@type\":\"ListItem\",\"position\":1,\"name\":\"Startseite\",\"item\":\"https:\\\/\\\/www.kueba.ch\\\/fr\\\/\"},{\"@type\":\"ListItem\",\"position\":2,\"name\":\"Home\"}]},{\"@type\":\"WebSite\",\"@id\":\"https:\\\/\\\/www.kueba.ch\\\/fr\\\/#website\",\"url\":\"https:\\\/\\\/www.kueba.ch\\\/fr\\\/\",\"name\":\"K\u00fcnzlerBachmann AG\",\"description\":\"\",\"publisher\":{\"@id\":\"https:\\\/\\\/www.kueba.ch\\\/fr\\\/#organization\"},\"potentialAction\":[{\"@type\":\"SearchAction\",\"target\":{\"@type\":\"EntryPoint\",\"urlTemplate\":\"https:\\\/\\\/www.kueba.ch\\\/fr\\\/?s={search_term_string}\"},\"query-input\":{\"@type\":\"PropertyValueSpecification\",\"valueRequired\":true,\"valueName\":\"search_term_string\"}}],\"inLanguage\":\"fr-FR\"},{\"@type\":\"Organization\",\"@id\":\"https:\\\/\\\/www.kueba.ch\\\/fr\\\/#organization\",\"name\":\"K\u00fcnzlerBachmann AG\",\"url\":\"https:\\\/\\\/www.kueba.ch\\\/fr\\\/\",\"logo\":{\"@type\":\"ImageObject\",\"inLanguage\":\"fr-FR\",\"@id\":\"https:\\\/\\\/www.kueba.ch\\\/fr\\\/#\\\/schema\\\/logo\\\/image\\\/\",\"url\":\"https:\\\/\\\/www.kueba.ch\\\/wp-content\\\/uploads\\\/logo-kbholding-1.svg\",\"contentUrl\":\"https:\\\/\\\/www.kueba.ch\\\/wp-content\\\/uploads\\\/logo-kbholding-1.svg\",\"width\":435,\"height\":95,\"caption\":\"K\u00fcnzlerBachmann AG\"},\"image\":{\"@id\":\"https:\\\/\\\/www.kueba.ch\\\/fr\\\/#\\\/schema\\\/logo\\\/image\\\/\"}}]}<\/script>\n<!-- \/ Yoast SEO plugin. -->","yoast_head_json":{"title":"Home - K\u00fcnzlerBachmann AG","description":"K\u00fcnzlerBachmann SA. Votre partenaire pour les services d'\u00e9dition et de marketing direct. Du traitement des adresses \u00e0 la gestion des abonnements et \u00e0 la vente d'annonces.","robots":{"index":"index","follow":"follow","max-snippet":"max-snippet:-1","max-image-preview":"max-image-preview:large","max-video-preview":"max-video-preview:-1"},"canonical":"https:\/\/www.kueba.ch\/fr\/","og_locale":"fr_FR","og_type":"article","og_title":"Home - K\u00fcnzlerBachmann AG","og_description":"K\u00fcnzlerBachmann SA. Votre partenaire pour les services d'\u00e9dition et de marketing direct. Du traitement des adresses \u00e0 la gestion des abonnements et \u00e0 la vente d'annonces.","og_url":"https:\/\/www.kueba.ch\/fr\/","og_site_name":"K\u00fcnzlerBachmann AG","article_modified_time":"2023-05-19T05:37:09+00:00","og_image":[{"url":"https:\/\/www.kueba.ch\/wp-content\/uploads\/bild-homegrid-kb-holding.jpg","type":"","width":"","height":""}],"twitter_card":"summary_large_image","schema":{"@context":"https:\/\/schema.org","@graph":[{"@type":"WebPage","@id":"https:\/\/www.kueba.ch\/fr\/","url":"https:\/\/www.kueba.ch\/fr\/","name":"Home - K\u00fcnzlerBachmann AG","isPartOf":{"@id":"https:\/\/www.kueba.ch\/fr\/#website"},"primaryImageOfPage":{"@id":"https:\/\/www.kueba.ch\/fr\/#primaryimage"},"image":{"@id":"https:\/\/www.kueba.ch\/fr\/#primaryimage"},"thumbnailUrl":"https:\/\/www.kueba.ch\/wp-content\/uploads\/bild-homegrid-kb-holding.jpg","datePublished":"2023-01-12T08:31:45+00:00","dateModified":"2023-05-19T05:37:09+00:00","description":"K\u00fcnzlerBachmann SA. Votre partenaire pour les services d'\u00e9dition et de marketing direct. Du traitement des adresses \u00e0 la gestion des abonnements et \u00e0 la vente d'annonces.","breadcrumb":{"@id":"https:\/\/www.kueba.ch\/fr\/#breadcrumb"},"inLanguage":"fr-FR","potentialAction":[{"@type":"ReadAction","target":["https:\/\/www.kueba.ch\/fr\/"]}]},{"@type":"ImageObject","inLanguage":"fr-FR","@id":"https:\/\/www.kueba.ch\/fr\/#primaryimage","url":"https:\/\/www.kueba.ch\/wp-content\/uploads\/bild-homegrid-kb-holding.jpg","contentUrl":"https:\/\/www.kueba.ch\/wp-content\/uploads\/bild-homegrid-kb-holding.jpg"},{"@type":"BreadcrumbList","@id":"https:\/\/www.kueba.ch\/fr\/#breadcrumb","itemListElement":[{"@type":"ListItem","position":1,"name":"Startseite","item":"https:\/\/www.kueba.ch\/fr\/"},{"@type":"ListItem","position":2,"name":"Home"}]},{"@type":"WebSite","@id":"https:\/\/www.kueba.ch\/fr\/#website","url":"https:\/\/www.kueba.ch\/fr\/","name":"K\u00fcnzlerBachmann AG","description":"","publisher":{"@id":"https:\/\/www.kueba.ch\/fr\/#organization"},"potentialAction":[{"@type":"SearchAction","target":{"@type":"EntryPoint","urlTemplate":"https:\/\/www.kueba.ch\/fr\/?s={search_term_string}"},"query-input":{"@type":"PropertyValueSpecification","valueRequired":true,"valueName":"search_term_string"}}],"inLanguage":"fr-FR"},{"@type":"Organization","@id":"https:\/\/www.kueba.ch\/fr\/#organization","name":"K\u00fcnzlerBachmann AG","url":"https:\/\/www.kueba.ch\/fr\/","logo":{"@type":"ImageObject","inLanguage":"fr-FR","@id":"https:\/\/www.kueba.ch\/fr\/#\/schema\/logo\/image\/","url":"https:\/\/www.kueba.ch\/wp-content\/uploads\/logo-kbholding-1.svg","contentUrl":"https:\/\/www.kueba.ch\/wp-content\/uploads\/logo-kbholding-1.svg","width":435,"height":95,"caption":"K\u00fcnzlerBachmann AG"},"image":{"@id":"https:\/\/www.kueba.ch\/fr\/#\/schema\/logo\/image\/"}}]}},"_links":{"self":[{"href":"https:\/\/www.kueba.ch\/fr\/wp-json\/wp\/v2\/pages\/6923","targetHints":{"allow":["GET"]}}],"collection":[{"href":"https:\/\/www.kueba.ch\/fr\/wp-json\/wp\/v2\/pages"}],"about":[{"href":"https:\/\/www.kueba.ch\/fr\/wp-json\/wp\/v2\/types\/page"}],"author":[{"embeddable":true,"href":"https:\/\/www.kueba.ch\/fr\/wp-json\/wp\/v2\/users\/2"}],"replies":[{"embeddable":true,"href":"https:\/\/www.kueba.ch\/fr\/wp-json\/wp\/v2\/comments?post=6923"}],"version-history":[{"count":5,"href":"https:\/\/www.kueba.ch\/fr\/wp-json\/wp\/v2\/pages\/6923\/revisions"}],"predecessor-version":[{"id":7005,"href":"https:\/\/www.kueba.ch\/fr\/wp-json\/wp\/v2\/pages\/6923\/revisions\/7005"}],"wp:attachment":[{"href":"https:\/\/www.kueba.ch\/fr\/wp-json\/wp\/v2\/media?parent=6923"}],"curies":[{"name":"wp","href":"https:\/\/api.w.org\/{rel}","templated":true}]}}