{"id":6827,"date":"2023-01-12T09:31:44","date_gmt":"2023-01-12T08:31:44","guid":{"rendered":"https:\/\/www.kueba.ch\/holding\/"},"modified":"2025-01-17T08:54:31","modified_gmt":"2025-01-17T07:54:31","slug":"holding","status":"publish","type":"page","link":"https:\/\/www.kueba.ch\/fr\/holding\/","title":{"rendered":"Holding"},"content":{"rendered":"\t\t<div data-elementor-type=\"wp-page\" data-elementor-id=\"6827\" class=\"elementor elementor-6827 elementor-5976\" data-elementor-post-type=\"page\">\n\t\t\t\t<div class=\"elementor-element elementor-element-4417812f e-flex e-con-boxed e-con e-parent\" data-id=\"4417812f\" data-element_type=\"container\" data-e-type=\"container\">\n\t\t\t\t\t<div class=\"e-con-inner\">\n\t\t\t\t<div class=\"elementor-element elementor-element-632a638b elementor-widget__width-initial elementor-widget elementor-widget-heading\" data-id=\"632a638b\" data-element_type=\"widget\" data-e-type=\"widget\" data-widget_type=\"heading.default\">\n\t\t\t\t<div class=\"elementor-widget-container\">\n\t\t\t\t\t<p class=\"elementor-heading-title elementor-size-default\">K\u00fcnzlerBachmann AG<\/p>\t\t\t\t<\/div>\n\t\t\t\t<\/div>\n\t\t\t\t<div class=\"elementor-element elementor-element-b437480 elementor-widget__width-initial elementor-widget elementor-widget-heading\" data-id=\"b437480\" data-element_type=\"widget\" data-e-type=\"widget\" data-widget_type=\"heading.default\">\n\t\t\t\t<div class=\"elementor-widget-container\">\n\t\t\t\t\t<h1 class=\"elementor-heading-title elementor-size-default\">Un toit et des fondations solides!<\/h1>\t\t\t\t<\/div>\n\t\t\t\t<\/div>\n\t\t\t\t<div class=\"elementor-element elementor-element-7c6a77f1 elementor-widget__width-initial elementor-widget elementor-widget-text-editor\" data-id=\"7c6a77f1\" data-element_type=\"widget\" data-e-type=\"widget\" data-widget_type=\"text-editor.default\">\n\t\t\t\t<div class=\"elementor-widget-container\">\n\t\t\t\t\t\t\t\t\t<p><strong>De la tradition et de la comp\u00e9tence sous un m\u00eame toit : voil\u00e0 K\u00fcnzlerBachmann. Forts de notre vaste palette de prestations, nous poserons volontiers la premi\u00e8re pierre de votre r\u00e9ussite, qu\u2019il s\u2019agisse d\u2019\u00e9dition ou de marketing direct. De la gestion des adresses \u00e0 la vente d\u2019annonces en passant par la gestion des abonn\u00e9s, vous pouvez compter sur nous.<\/strong><\/p>\n<p>&nbsp;<\/p>\n<p>\u00ab E. K\u00fcnzler-Bachmann \u00bb, l\u2019agence de publicit\u00e9 et d\u2019annonces de jadis, fut cr\u00e9\u00e9e en 1912 par Eug\u00e8ne K\u00fcnzler et son \u00e9pouse Elise K\u00fcnzler-Bachmann. L\u2019actuelle K\u00fcnzlerBachmann perp\u00e9tue le long et riche historique de l\u2019entreprise avec les outils modernes d\u2019aujourd\u2019hui. Notre mission, elle, repose sur la m\u00eame combinaison qu\u2019hier : efficacit\u00e9 des annonces, distribution cibl\u00e9e avec pr\u00e9cision et obtention des bonnes adresses. Le pionnier que nous sommes en traitement \u00e9lectronique des donn\u00e9es, gestion d\u2019adresses et impression laser num\u00e9rique a, au fil des plus de 100 ann\u00e9es \u00e9coul\u00e9es depuis la fondation de l\u2019entreprise, instaur\u00e9 des conditions optimales pour ses diverses activit\u00e9s. K\u00fcnzlerBachmann incarne marketing direct global et \u00e9dition innovante \u2013 deux activit\u00e9s regroup\u00e9es au sein d\u2019une holding percutante tout en \u00e9tant svelte !<\/p>\n\t\t\t\t\t\t\t\t<\/div>\n\t\t\t\t<\/div>\n\t\t\t\t\t<\/div>\n\t\t\t\t<\/div>\n\t\t<div class=\"elementor-element elementor-element-99adbc2 e-flex e-con-boxed e-con e-parent\" data-id=\"99adbc2\" data-element_type=\"container\" data-e-type=\"container\">\n\t\t\t\t\t<div class=\"e-con-inner\">\n\t\t\t\t<div class=\"elementor-element elementor-element-4266ccd elementor-widget elementor-widget-image\" data-id=\"4266ccd\" data-element_type=\"widget\" data-e-type=\"widget\" data-widget_type=\"image.default\">\n\t\t\t\t<div class=\"elementor-widget-container\">\n\t\t\t\t\t\t\t\t\t\t\t\t\t\t\t<img decoding=\"async\" src=\"https:\/\/www.kueba.ch\/wp-content\/uploads\/maurizio-trenti.jpg\" title=\"maurizio-trenti\" alt=\"maurizio-trenti\" loading=\"lazy\" \/>\t\t\t\t\t\t\t\t\t\t\t\t\t\t\t<\/div>\n\t\t\t\t<\/div>\n\t\t\t\t<div class=\"elementor-element elementor-element-659d89a elementor-widget elementor-widget-text-editor\" data-id=\"659d89a\" data-element_type=\"widget\" data-e-type=\"widget\" data-widget_type=\"text-editor.default\">\n\t\t\t\t<div class=\"elementor-widget-container\">\n\t\t\t\t\t\t\t\t\t<p>Maurizio Trenti<\/p>\n\t\t\t\t\t\t\t\t<\/div>\n\t\t\t\t<\/div>\n\t\t\t\t<div class=\"elementor-element elementor-element-10fc85e elementor-widget elementor-widget-text-editor\" data-id=\"10fc85e\" data-element_type=\"widget\" data-e-type=\"widget\" data-widget_type=\"text-editor.default\">\n\t\t\t\t<div class=\"elementor-widget-container\">\n\t\t\t\t\t\t\t\t\t<p>CEO<\/p>\n\t\t\t\t\t\t\t\t<\/div>\n\t\t\t\t<\/div>\n\t\t\t\t<div class=\"elementor-element elementor-element-793b5a3 elementor-align-center elementor-widget elementor-widget-button\" data-id=\"793b5a3\" data-element_type=\"widget\" data-e-type=\"widget\" data-widget_type=\"button.default\">\n\t\t\t\t<div class=\"elementor-widget-container\">\n\t\t\t\t\t\t\t\t\t<div class=\"elementor-button-wrapper\">\n\t\t\t\t\t<a class=\"elementor-button elementor-button-link elementor-size-sm\" href=\"mailto:m.trenti@kueba.ch\">\n\t\t\t\t\t\t<span class=\"elementor-button-content-wrapper\">\n\t\t\t\t\t\t\t\t\t<span class=\"elementor-button-text\">m.trenti@kueba.ch<\/span>\n\t\t\t\t\t<\/span>\n\t\t\t\t\t<\/a>\n\t\t\t\t<\/div>\n\t\t\t\t\t\t\t\t<\/div>\n\t\t\t\t<\/div>\n\t\t\t\t\t<\/div>\n\t\t\t\t<\/div>\n\t\t\t\t<\/div>\n\t\t","protected":false},"excerpt":{"rendered":"<p>K\u00fcnzlerBachmann AG Un toit et des fondations solides! De la tradition et de la comp\u00e9tence sous un m\u00eame toit : voil\u00e0 K\u00fcnzlerBachmann. Forts de notre vaste palette de prestations, nous poserons volontiers la premi\u00e8re pierre de votre r\u00e9ussite, qu\u2019il s\u2019agisse d\u2019\u00e9dition ou de marketing direct. De la gestion des adresses \u00e0 la vente d\u2019annonces en [&hellip;]<\/p>\n","protected":false},"author":2,"featured_media":0,"parent":0,"menu_order":0,"comment_status":"closed","ping_status":"closed","template":"elementor_theme","meta":{"footnotes":""},"class_list":["post-6827","page","type-page","status-publish","hentry"],"yoast_head":"<!-- This site is optimized with the Yoast SEO plugin v27.5 - https:\/\/yoast.com\/product\/yoast-seo-wordpress\/ -->\n<title>Holding - K\u00fcnzlerBachmann AG<\/title>\n<meta name=\"robots\" content=\"index, follow, max-snippet:-1, max-image-preview:large, max-video-preview:-1\" \/>\n<link rel=\"canonical\" href=\"https:\/\/www.kueba.ch\/fr\/holding\/\" \/>\n<meta property=\"og:locale\" content=\"fr_FR\" \/>\n<meta property=\"og:type\" content=\"article\" \/>\n<meta property=\"og:title\" content=\"Holding - K\u00fcnzlerBachmann AG\" \/>\n<meta property=\"og:description\" content=\"K\u00fcnzlerBachmann AG Un toit et des fondations solides! De la tradition et de la comp\u00e9tence sous un m\u00eame toit : voil\u00e0 K\u00fcnzlerBachmann. Forts de notre vaste palette de prestations, nous poserons volontiers la premi\u00e8re pierre de votre r\u00e9ussite, qu\u2019il s\u2019agisse d\u2019\u00e9dition ou de marketing direct. De la gestion des adresses \u00e0 la vente d\u2019annonces en [&hellip;]\" \/>\n<meta property=\"og:url\" content=\"https:\/\/www.kueba.ch\/fr\/holding\/\" \/>\n<meta property=\"og:site_name\" content=\"K\u00fcnzlerBachmann AG\" \/>\n<meta property=\"article:modified_time\" content=\"2025-01-17T07:54:31+00:00\" \/>\n<meta property=\"og:image\" content=\"https:\/\/www.kueba.ch\/wp-content\/uploads\/maurizio-trenti.jpg\" \/>\n<meta name=\"twitter:card\" content=\"summary_large_image\" \/>\n<meta name=\"twitter:label1\" content=\"Dur\u00e9e de lecture estim\u00e9e\" \/>\n\t<meta name=\"twitter:data1\" content=\"1 minute\" \/>\n<script type=\"application\/ld+json\" class=\"yoast-schema-graph\">{\"@context\":\"https:\\\/\\\/schema.org\",\"@graph\":[{\"@type\":\"WebPage\",\"@id\":\"https:\\\/\\\/www.kueba.ch\\\/fr\\\/holding\\\/\",\"url\":\"https:\\\/\\\/www.kueba.ch\\\/fr\\\/holding\\\/\",\"name\":\"Holding - K\u00fcnzlerBachmann AG\",\"isPartOf\":{\"@id\":\"https:\\\/\\\/www.kueba.ch\\\/fr\\\/#website\"},\"primaryImageOfPage\":{\"@id\":\"https:\\\/\\\/www.kueba.ch\\\/fr\\\/holding\\\/#primaryimage\"},\"image\":{\"@id\":\"https:\\\/\\\/www.kueba.ch\\\/fr\\\/holding\\\/#primaryimage\"},\"thumbnailUrl\":\"https:\\\/\\\/www.kueba.ch\\\/wp-content\\\/uploads\\\/maurizio-trenti.jpg\",\"datePublished\":\"2023-01-12T08:31:44+00:00\",\"dateModified\":\"2025-01-17T07:54:31+00:00\",\"breadcrumb\":{\"@id\":\"https:\\\/\\\/www.kueba.ch\\\/fr\\\/holding\\\/#breadcrumb\"},\"inLanguage\":\"fr-FR\",\"potentialAction\":[{\"@type\":\"ReadAction\",\"target\":[\"https:\\\/\\\/www.kueba.ch\\\/fr\\\/holding\\\/\"]}]},{\"@type\":\"ImageObject\",\"inLanguage\":\"fr-FR\",\"@id\":\"https:\\\/\\\/www.kueba.ch\\\/fr\\\/holding\\\/#primaryimage\",\"url\":\"https:\\\/\\\/www.kueba.ch\\\/wp-content\\\/uploads\\\/maurizio-trenti.jpg\",\"contentUrl\":\"https:\\\/\\\/www.kueba.ch\\\/wp-content\\\/uploads\\\/maurizio-trenti.jpg\"},{\"@type\":\"BreadcrumbList\",\"@id\":\"https:\\\/\\\/www.kueba.ch\\\/fr\\\/holding\\\/#breadcrumb\",\"itemListElement\":[{\"@type\":\"ListItem\",\"position\":1,\"name\":\"Startseite\",\"item\":\"https:\\\/\\\/www.kueba.ch\\\/fr\\\/\"},{\"@type\":\"ListItem\",\"position\":2,\"name\":\"Holding\"}]},{\"@type\":\"WebSite\",\"@id\":\"https:\\\/\\\/www.kueba.ch\\\/fr\\\/#website\",\"url\":\"https:\\\/\\\/www.kueba.ch\\\/fr\\\/\",\"name\":\"K\u00fcnzlerBachmann AG\",\"description\":\"\",\"publisher\":{\"@id\":\"https:\\\/\\\/www.kueba.ch\\\/fr\\\/#organization\"},\"potentialAction\":[{\"@type\":\"SearchAction\",\"target\":{\"@type\":\"EntryPoint\",\"urlTemplate\":\"https:\\\/\\\/www.kueba.ch\\\/fr\\\/?s={search_term_string}\"},\"query-input\":{\"@type\":\"PropertyValueSpecification\",\"valueRequired\":true,\"valueName\":\"search_term_string\"}}],\"inLanguage\":\"fr-FR\"},{\"@type\":\"Organization\",\"@id\":\"https:\\\/\\\/www.kueba.ch\\\/fr\\\/#organization\",\"name\":\"K\u00fcnzlerBachmann AG\",\"url\":\"https:\\\/\\\/www.kueba.ch\\\/fr\\\/\",\"logo\":{\"@type\":\"ImageObject\",\"inLanguage\":\"fr-FR\",\"@id\":\"https:\\\/\\\/www.kueba.ch\\\/fr\\\/#\\\/schema\\\/logo\\\/image\\\/\",\"url\":\"https:\\\/\\\/www.kueba.ch\\\/wp-content\\\/uploads\\\/logo-kbholding-1.svg\",\"contentUrl\":\"https:\\\/\\\/www.kueba.ch\\\/wp-content\\\/uploads\\\/logo-kbholding-1.svg\",\"width\":435,\"height\":95,\"caption\":\"K\u00fcnzlerBachmann AG\"},\"image\":{\"@id\":\"https:\\\/\\\/www.kueba.ch\\\/fr\\\/#\\\/schema\\\/logo\\\/image\\\/\"}}]}<\/script>\n<!-- \/ Yoast SEO plugin. -->","yoast_head_json":{"title":"Holding - K\u00fcnzlerBachmann AG","robots":{"index":"index","follow":"follow","max-snippet":"max-snippet:-1","max-image-preview":"max-image-preview:large","max-video-preview":"max-video-preview:-1"},"canonical":"https:\/\/www.kueba.ch\/fr\/holding\/","og_locale":"fr_FR","og_type":"article","og_title":"Holding - K\u00fcnzlerBachmann AG","og_description":"K\u00fcnzlerBachmann AG Un toit et des fondations solides! De la tradition et de la comp\u00e9tence sous un m\u00eame toit : voil\u00e0 K\u00fcnzlerBachmann. Forts de notre vaste palette de prestations, nous poserons volontiers la premi\u00e8re pierre de votre r\u00e9ussite, qu\u2019il s\u2019agisse d\u2019\u00e9dition ou de marketing direct. De la gestion des adresses \u00e0 la vente d\u2019annonces en [&hellip;]","og_url":"https:\/\/www.kueba.ch\/fr\/holding\/","og_site_name":"K\u00fcnzlerBachmann AG","article_modified_time":"2025-01-17T07:54:31+00:00","og_image":[{"url":"https:\/\/www.kueba.ch\/wp-content\/uploads\/maurizio-trenti.jpg","type":"","width":"","height":""}],"twitter_card":"summary_large_image","twitter_misc":{"Dur\u00e9e de lecture estim\u00e9e":"1 minute"},"schema":{"@context":"https:\/\/schema.org","@graph":[{"@type":"WebPage","@id":"https:\/\/www.kueba.ch\/fr\/holding\/","url":"https:\/\/www.kueba.ch\/fr\/holding\/","name":"Holding - K\u00fcnzlerBachmann AG","isPartOf":{"@id":"https:\/\/www.kueba.ch\/fr\/#website"},"primaryImageOfPage":{"@id":"https:\/\/www.kueba.ch\/fr\/holding\/#primaryimage"},"image":{"@id":"https:\/\/www.kueba.ch\/fr\/holding\/#primaryimage"},"thumbnailUrl":"https:\/\/www.kueba.ch\/wp-content\/uploads\/maurizio-trenti.jpg","datePublished":"2023-01-12T08:31:44+00:00","dateModified":"2025-01-17T07:54:31+00:00","breadcrumb":{"@id":"https:\/\/www.kueba.ch\/fr\/holding\/#breadcrumb"},"inLanguage":"fr-FR","potentialAction":[{"@type":"ReadAction","target":["https:\/\/www.kueba.ch\/fr\/holding\/"]}]},{"@type":"ImageObject","inLanguage":"fr-FR","@id":"https:\/\/www.kueba.ch\/fr\/holding\/#primaryimage","url":"https:\/\/www.kueba.ch\/wp-content\/uploads\/maurizio-trenti.jpg","contentUrl":"https:\/\/www.kueba.ch\/wp-content\/uploads\/maurizio-trenti.jpg"},{"@type":"BreadcrumbList","@id":"https:\/\/www.kueba.ch\/fr\/holding\/#breadcrumb","itemListElement":[{"@type":"ListItem","position":1,"name":"Startseite","item":"https:\/\/www.kueba.ch\/fr\/"},{"@type":"ListItem","position":2,"name":"Holding"}]},{"@type":"WebSite","@id":"https:\/\/www.kueba.ch\/fr\/#website","url":"https:\/\/www.kueba.ch\/fr\/","name":"K\u00fcnzlerBachmann AG","description":"","publisher":{"@id":"https:\/\/www.kueba.ch\/fr\/#organization"},"potentialAction":[{"@type":"SearchAction","target":{"@type":"EntryPoint","urlTemplate":"https:\/\/www.kueba.ch\/fr\/?s={search_term_string}"},"query-input":{"@type":"PropertyValueSpecification","valueRequired":true,"valueName":"search_term_string"}}],"inLanguage":"fr-FR"},{"@type":"Organization","@id":"https:\/\/www.kueba.ch\/fr\/#organization","name":"K\u00fcnzlerBachmann AG","url":"https:\/\/www.kueba.ch\/fr\/","logo":{"@type":"ImageObject","inLanguage":"fr-FR","@id":"https:\/\/www.kueba.ch\/fr\/#\/schema\/logo\/image\/","url":"https:\/\/www.kueba.ch\/wp-content\/uploads\/logo-kbholding-1.svg","contentUrl":"https:\/\/www.kueba.ch\/wp-content\/uploads\/logo-kbholding-1.svg","width":435,"height":95,"caption":"K\u00fcnzlerBachmann AG"},"image":{"@id":"https:\/\/www.kueba.ch\/fr\/#\/schema\/logo\/image\/"}}]}},"_links":{"self":[{"href":"https:\/\/www.kueba.ch\/fr\/wp-json\/wp\/v2\/pages\/6827","targetHints":{"allow":["GET"]}}],"collection":[{"href":"https:\/\/www.kueba.ch\/fr\/wp-json\/wp\/v2\/pages"}],"about":[{"href":"https:\/\/www.kueba.ch\/fr\/wp-json\/wp\/v2\/types\/page"}],"author":[{"embeddable":true,"href":"https:\/\/www.kueba.ch\/fr\/wp-json\/wp\/v2\/users\/2"}],"replies":[{"embeddable":true,"href":"https:\/\/www.kueba.ch\/fr\/wp-json\/wp\/v2\/comments?post=6827"}],"version-history":[{"count":5,"href":"https:\/\/www.kueba.ch\/fr\/wp-json\/wp\/v2\/pages\/6827\/revisions"}],"predecessor-version":[{"id":7150,"href":"https:\/\/www.kueba.ch\/fr\/wp-json\/wp\/v2\/pages\/6827\/revisions\/7150"}],"wp:attachment":[{"href":"https:\/\/www.kueba.ch\/fr\/wp-json\/wp\/v2\/media?parent=6827"}],"curies":[{"name":"wp","href":"https:\/\/api.w.org\/{rel}","templated":true}]}}