{"id":7020,"date":"2023-01-12T09:31:43","date_gmt":"2023-01-12T08:31:43","guid":{"rendered":"https:\/\/www.kueba.ch\/legal-notice\/"},"modified":"2023-06-05T16:26:36","modified_gmt":"2023-06-05T14:26:36","slug":"legal-notice","status":"publish","type":"page","link":"https:\/\/www.kueba.ch\/en\/legal-notice\/","title":{"rendered":"Legal Notice"},"content":{"rendered":"\t\t<div data-elementor-type=\"wp-page\" data-elementor-id=\"7020\" class=\"elementor elementor-7020 elementor-5943\" data-elementor-post-type=\"page\">\n\t\t\t\t<section class=\"elementor-element elementor-element-5434cf43 e-flex e-con-boxed e-con e-parent\" data-id=\"5434cf43\" data-element_type=\"container\" data-e-type=\"container\">\n\t\t\t\t\t<div class=\"e-con-inner\">\n\t\t\t\t<div class=\"elementor-element elementor-element-237cf03 elementor-widget__width-initial elementor-widget elementor-widget-heading\" data-id=\"237cf03\" data-element_type=\"widget\" data-e-type=\"widget\" data-widget_type=\"heading.default\">\n\t\t\t\t<div class=\"elementor-widget-container\">\n\t\t\t\t\t<p class=\"elementor-heading-title elementor-size-default\">Our holding<\/p>\t\t\t\t<\/div>\n\t\t\t\t<\/div>\n\t\t\t\t<div class=\"elementor-element elementor-element-94f3bcb elementor-widget__width-initial elementor-widget elementor-widget-heading\" data-id=\"94f3bcb\" data-element_type=\"widget\" data-e-type=\"widget\" data-widget_type=\"heading.default\">\n\t\t\t\t<div class=\"elementor-widget-container\">\n\t\t\t\t\t<h1 class=\"elementor-heading-title elementor-size-default\">Legal Notice<\/h1>\t\t\t\t<\/div>\n\t\t\t\t<\/div>\n\t\t\t\t\t<\/div>\n\t\t\t\t<\/section>\n\t\t<section class=\"elementor-element elementor-element-19f42a72 e-flex e-con-boxed e-con e-parent\" data-id=\"19f42a72\" data-element_type=\"container\" data-e-type=\"container\" data-settings=\"{&quot;background_background&quot;:&quot;classic&quot;}\">\n\t\t\t\t\t<div class=\"e-con-inner\">\n\t\t\t\t<div class=\"elementor-element elementor-element-4480a30e elementor-widget elementor-widget-heading\" data-id=\"4480a30e\" data-element_type=\"widget\" data-e-type=\"widget\" data-widget_type=\"heading.default\">\n\t\t\t\t<div class=\"elementor-widget-container\">\n\t\t\t\t\t<h2 class=\"elementor-heading-title elementor-size-default\">Legal Notice<\/h2>\t\t\t\t<\/div>\n\t\t\t\t<\/div>\n\t\t\t\t<div class=\"elementor-element elementor-element-76094298 elementor-widget elementor-widget-text-editor\" data-id=\"76094298\" data-element_type=\"widget\" data-e-type=\"widget\" data-widget_type=\"text-editor.default\">\n\t\t\t\t<div class=\"elementor-widget-container\">\n\t\t\t\t\t\t\t\t\t<p>K\u00fcnzlerBachmann AG<br \/>Z\u00fcrcherstrasse 601<br \/>Postfach<br \/>CH-9015 St. Gallen<\/p>\n<p>\u00a0<\/p>\n<p>Tel: +41 (0) 71 314 04 44<br \/>Fax: +41 (0) 71 314 04 45<\/p>\n\t\t\t\t\t\t\t\t<\/div>\n\t\t\t\t<\/div>\n\t\t\t\t<div class=\"elementor-element elementor-element-2a4d9562 elementor-widget-divider--view-line elementor-widget elementor-widget-divider\" data-id=\"2a4d9562\" data-element_type=\"widget\" data-e-type=\"widget\" data-widget_type=\"divider.default\">\n\t\t\t\t<div class=\"elementor-widget-container\">\n\t\t\t\t\t\t\t<div class=\"elementor-divider\">\n\t\t\t<span class=\"elementor-divider-separator\">\n\t\t\t\t\t\t<\/span>\n\t\t<\/div>\n\t\t\t\t\t\t<\/div>\n\t\t\t\t<\/div>\n\t\t\t\t<div class=\"elementor-element elementor-element-5f559a6e elementor-widget elementor-widget-heading\" data-id=\"5f559a6e\" data-element_type=\"widget\" data-e-type=\"widget\" data-widget_type=\"heading.default\">\n\t\t\t\t<div class=\"elementor-widget-container\">\n\t\t\t\t\t<h2 class=\"elementor-heading-title elementor-size-default\">Copyright<\/h2>\t\t\t\t<\/div>\n\t\t\t\t<\/div>\n\t\t\t\t<div class=\"elementor-element elementor-element-42f31b5e elementor-widget elementor-widget-text-editor\" data-id=\"42f31b5e\" data-element_type=\"widget\" data-e-type=\"widget\" data-widget_type=\"text-editor.default\">\n\t\t\t\t<div class=\"elementor-widget-container\">\n\t\t\t\t\t\t\t\t\t<p>The content and structure of our internet pages are protected by copyright. Any reproduction of the information or data, particularly the use of texts, partial texts, or images, requires the prior consent of K\u00fcnzlerBachmann Verlag AG.<\/p>\n\t\t\t\t\t\t\t\t<\/div>\n\t\t\t\t<\/div>\n\t\t\t\t<div class=\"elementor-element elementor-element-7bc55c0c elementor-widget-divider--view-line elementor-widget elementor-widget-divider\" data-id=\"7bc55c0c\" data-element_type=\"widget\" data-e-type=\"widget\" data-widget_type=\"divider.default\">\n\t\t\t\t<div class=\"elementor-widget-container\">\n\t\t\t\t\t\t\t<div class=\"elementor-divider\">\n\t\t\t<span class=\"elementor-divider-separator\">\n\t\t\t\t\t\t<\/span>\n\t\t<\/div>\n\t\t\t\t\t\t<\/div>\n\t\t\t\t<\/div>\n\t\t\t\t<div class=\"elementor-element elementor-element-2d272078 elementor-widget elementor-widget-heading\" data-id=\"2d272078\" data-element_type=\"widget\" data-e-type=\"widget\" data-widget_type=\"heading.default\">\n\t\t\t\t<div class=\"elementor-widget-container\">\n\t\t\t\t\t<h2 class=\"elementor-heading-title elementor-size-default\">Liability Disclaimer<\/h2>\t\t\t\t<\/div>\n\t\t\t\t<\/div>\n\t\t\t\t<div class=\"elementor-element elementor-element-60a0fa37 elementor-widget elementor-widget-text-editor\" data-id=\"60a0fa37\" data-element_type=\"widget\" data-e-type=\"widget\" data-widget_type=\"text-editor.default\">\n\t\t\t\t<div class=\"elementor-widget-container\">\n\t\t\t\t\t\t\t\t\t<p>K\u00fcnzlerBachmann continuously updates the information on its internet pages. Despite all due diligence, data may nevertheless have changed in the meantime. Therefore, no liability or guarantee can be assumed for the timeliness, correctness or completeness of the information provided. Furthermore, K\u00fcnzlerBachmann reserves the right to make changes or additions to the internet pages at any time and without notice.<\/p>\n\t\t\t\t\t\t\t\t<\/div>\n\t\t\t\t<\/div>\n\t\t\t\t<div class=\"elementor-element elementor-element-55f1ec8 elementor-widget-divider--view-line elementor-widget elementor-widget-divider\" data-id=\"55f1ec8\" data-element_type=\"widget\" data-e-type=\"widget\" data-widget_type=\"divider.default\">\n\t\t\t\t<div class=\"elementor-widget-container\">\n\t\t\t\t\t\t\t<div class=\"elementor-divider\">\n\t\t\t<span class=\"elementor-divider-separator\">\n\t\t\t\t\t\t<\/span>\n\t\t<\/div>\n\t\t\t\t\t\t<\/div>\n\t\t\t\t<\/div>\n\t\t\t\t<div class=\"elementor-element elementor-element-ab0ac5e elementor-widget elementor-widget-heading\" data-id=\"ab0ac5e\" data-element_type=\"widget\" data-e-type=\"widget\" data-widget_type=\"heading.default\">\n\t\t\t\t<div class=\"elementor-widget-container\">\n\t\t\t\t\t<h2 class=\"elementor-heading-title elementor-size-default\">Third-party Websites<\/h2>\t\t\t\t<\/div>\n\t\t\t\t<\/div>\n\t\t\t\t<div class=\"elementor-element elementor-element-76a469e4 elementor-widget elementor-widget-text-editor\" data-id=\"76a469e4\" data-element_type=\"widget\" data-e-type=\"widget\" data-widget_type=\"text-editor.default\">\n\t\t\t\t<div class=\"elementor-widget-container\">\n\t\t\t\t\t\t\t\t\t<p>All links to other internet sites or information from third parties on this website are to be considered an exclusive service for users. K\u00fcnzlerBachmann is not responsible for the content of those websites, and the opinions published there do not necessarily reflect its own. K\u00fcnzlerBachmann is not liable for content or for any damages arising in connection with access to or use of third-party internet sites.<\/p>\n\t\t\t\t\t\t\t\t<\/div>\n\t\t\t\t<\/div>\n\t\t\t\t\t<\/div>\n\t\t\t\t<\/section>\n\t\t\t\t<\/div>\n\t\t","protected":false},"excerpt":{"rendered":"<p>Our holding Legal Notice Legal Notice K\u00fcnzlerBachmann AGZ\u00fcrcherstrasse 601PostfachCH-9015 St. Gallen \u00a0 Tel: +41 (0) 71 314 04 44Fax: +41 (0) 71 314 04 45 Copyright The content and structure of our internet pages are protected by copyright. Any reproduction of the information or data, particularly the use of texts, partial texts, or images, requires [&hellip;]<\/p>\n","protected":false},"author":2,"featured_media":0,"parent":0,"menu_order":0,"comment_status":"closed","ping_status":"closed","template":"","meta":{"footnotes":""},"class_list":["post-7020","page","type-page","status-publish","hentry"],"yoast_head":"<!-- This site is optimized with the Yoast SEO plugin v27.5 - https:\/\/yoast.com\/product\/yoast-seo-wordpress\/ -->\n<title>Legal Notice - K\u00fcnzlerBachmann AG<\/title>\n<meta name=\"robots\" content=\"index, follow, max-snippet:-1, max-image-preview:large, max-video-preview:-1\" \/>\n<link rel=\"canonical\" href=\"https:\/\/www.kueba.ch\/en\/legal-notice\/\" \/>\n<meta property=\"og:locale\" content=\"en_US\" \/>\n<meta property=\"og:type\" content=\"article\" \/>\n<meta property=\"og:title\" content=\"Legal Notice - K\u00fcnzlerBachmann AG\" \/>\n<meta property=\"og:description\" content=\"Our holding Legal Notice Legal Notice K\u00fcnzlerBachmann AGZ\u00fcrcherstrasse 601PostfachCH-9015 St. Gallen \u00a0 Tel: +41 (0) 71 314 04 44Fax: +41 (0) 71 314 04 45 Copyright The content and structure of our internet pages are protected by copyright. Any reproduction of the information or data, particularly the use of texts, partial texts, or images, requires [&hellip;]\" \/>\n<meta property=\"og:url\" content=\"https:\/\/www.kueba.ch\/en\/legal-notice\/\" \/>\n<meta property=\"og:site_name\" content=\"K\u00fcnzlerBachmann AG\" \/>\n<meta property=\"article:modified_time\" content=\"2023-06-05T14:26:36+00:00\" \/>\n<meta name=\"twitter:card\" content=\"summary_large_image\" \/>\n<meta name=\"twitter:label1\" content=\"Est. reading time\" \/>\n\t<meta name=\"twitter:data1\" content=\"1 minute\" \/>\n<script type=\"application\/ld+json\" class=\"yoast-schema-graph\">{\"@context\":\"https:\\\/\\\/schema.org\",\"@graph\":[{\"@type\":\"WebPage\",\"@id\":\"https:\\\/\\\/www.kueba.ch\\\/en\\\/legal-notice\\\/\",\"url\":\"https:\\\/\\\/www.kueba.ch\\\/en\\\/legal-notice\\\/\",\"name\":\"Legal Notice - K\u00fcnzlerBachmann AG\",\"isPartOf\":{\"@id\":\"https:\\\/\\\/www.kueba.ch\\\/en\\\/#website\"},\"datePublished\":\"2023-01-12T08:31:43+00:00\",\"dateModified\":\"2023-06-05T14:26:36+00:00\",\"breadcrumb\":{\"@id\":\"https:\\\/\\\/www.kueba.ch\\\/en\\\/legal-notice\\\/#breadcrumb\"},\"inLanguage\":\"en-US\",\"potentialAction\":[{\"@type\":\"ReadAction\",\"target\":[\"https:\\\/\\\/www.kueba.ch\\\/en\\\/legal-notice\\\/\"]}]},{\"@type\":\"BreadcrumbList\",\"@id\":\"https:\\\/\\\/www.kueba.ch\\\/en\\\/legal-notice\\\/#breadcrumb\",\"itemListElement\":[{\"@type\":\"ListItem\",\"position\":1,\"name\":\"Startseite\",\"item\":\"https:\\\/\\\/www.kueba.ch\\\/en\\\/\"},{\"@type\":\"ListItem\",\"position\":2,\"name\":\"Legal Notice\"}]},{\"@type\":\"WebSite\",\"@id\":\"https:\\\/\\\/www.kueba.ch\\\/en\\\/#website\",\"url\":\"https:\\\/\\\/www.kueba.ch\\\/en\\\/\",\"name\":\"K\u00fcnzlerBachmann AG\",\"description\":\"\",\"publisher\":{\"@id\":\"https:\\\/\\\/www.kueba.ch\\\/en\\\/#organization\"},\"potentialAction\":[{\"@type\":\"SearchAction\",\"target\":{\"@type\":\"EntryPoint\",\"urlTemplate\":\"https:\\\/\\\/www.kueba.ch\\\/en\\\/?s={search_term_string}\"},\"query-input\":{\"@type\":\"PropertyValueSpecification\",\"valueRequired\":true,\"valueName\":\"search_term_string\"}}],\"inLanguage\":\"en-US\"},{\"@type\":\"Organization\",\"@id\":\"https:\\\/\\\/www.kueba.ch\\\/en\\\/#organization\",\"name\":\"K\u00fcnzlerBachmann AG\",\"url\":\"https:\\\/\\\/www.kueba.ch\\\/en\\\/\",\"logo\":{\"@type\":\"ImageObject\",\"inLanguage\":\"en-US\",\"@id\":\"https:\\\/\\\/www.kueba.ch\\\/en\\\/#\\\/schema\\\/logo\\\/image\\\/\",\"url\":\"https:\\\/\\\/www.kueba.ch\\\/wp-content\\\/uploads\\\/logo-kbholding-1.svg\",\"contentUrl\":\"https:\\\/\\\/www.kueba.ch\\\/wp-content\\\/uploads\\\/logo-kbholding-1.svg\",\"width\":435,\"height\":95,\"caption\":\"K\u00fcnzlerBachmann AG\"},\"image\":{\"@id\":\"https:\\\/\\\/www.kueba.ch\\\/en\\\/#\\\/schema\\\/logo\\\/image\\\/\"}}]}<\/script>\n<!-- \/ Yoast SEO plugin. -->","yoast_head_json":{"title":"Legal Notice - K\u00fcnzlerBachmann AG","robots":{"index":"index","follow":"follow","max-snippet":"max-snippet:-1","max-image-preview":"max-image-preview:large","max-video-preview":"max-video-preview:-1"},"canonical":"https:\/\/www.kueba.ch\/en\/legal-notice\/","og_locale":"en_US","og_type":"article","og_title":"Legal Notice - K\u00fcnzlerBachmann AG","og_description":"Our holding Legal Notice Legal Notice K\u00fcnzlerBachmann AGZ\u00fcrcherstrasse 601PostfachCH-9015 St. Gallen \u00a0 Tel: +41 (0) 71 314 04 44Fax: +41 (0) 71 314 04 45 Copyright The content and structure of our internet pages are protected by copyright. Any reproduction of the information or data, particularly the use of texts, partial texts, or images, requires [&hellip;]","og_url":"https:\/\/www.kueba.ch\/en\/legal-notice\/","og_site_name":"K\u00fcnzlerBachmann AG","article_modified_time":"2023-06-05T14:26:36+00:00","twitter_card":"summary_large_image","twitter_misc":{"Est. reading time":"1 minute"},"schema":{"@context":"https:\/\/schema.org","@graph":[{"@type":"WebPage","@id":"https:\/\/www.kueba.ch\/en\/legal-notice\/","url":"https:\/\/www.kueba.ch\/en\/legal-notice\/","name":"Legal Notice - K\u00fcnzlerBachmann AG","isPartOf":{"@id":"https:\/\/www.kueba.ch\/en\/#website"},"datePublished":"2023-01-12T08:31:43+00:00","dateModified":"2023-06-05T14:26:36+00:00","breadcrumb":{"@id":"https:\/\/www.kueba.ch\/en\/legal-notice\/#breadcrumb"},"inLanguage":"en-US","potentialAction":[{"@type":"ReadAction","target":["https:\/\/www.kueba.ch\/en\/legal-notice\/"]}]},{"@type":"BreadcrumbList","@id":"https:\/\/www.kueba.ch\/en\/legal-notice\/#breadcrumb","itemListElement":[{"@type":"ListItem","position":1,"name":"Startseite","item":"https:\/\/www.kueba.ch\/en\/"},{"@type":"ListItem","position":2,"name":"Legal Notice"}]},{"@type":"WebSite","@id":"https:\/\/www.kueba.ch\/en\/#website","url":"https:\/\/www.kueba.ch\/en\/","name":"K\u00fcnzlerBachmann AG","description":"","publisher":{"@id":"https:\/\/www.kueba.ch\/en\/#organization"},"potentialAction":[{"@type":"SearchAction","target":{"@type":"EntryPoint","urlTemplate":"https:\/\/www.kueba.ch\/en\/?s={search_term_string}"},"query-input":{"@type":"PropertyValueSpecification","valueRequired":true,"valueName":"search_term_string"}}],"inLanguage":"en-US"},{"@type":"Organization","@id":"https:\/\/www.kueba.ch\/en\/#organization","name":"K\u00fcnzlerBachmann AG","url":"https:\/\/www.kueba.ch\/en\/","logo":{"@type":"ImageObject","inLanguage":"en-US","@id":"https:\/\/www.kueba.ch\/en\/#\/schema\/logo\/image\/","url":"https:\/\/www.kueba.ch\/wp-content\/uploads\/logo-kbholding-1.svg","contentUrl":"https:\/\/www.kueba.ch\/wp-content\/uploads\/logo-kbholding-1.svg","width":435,"height":95,"caption":"K\u00fcnzlerBachmann AG"},"image":{"@id":"https:\/\/www.kueba.ch\/en\/#\/schema\/logo\/image\/"}}]}},"_links":{"self":[{"href":"https:\/\/www.kueba.ch\/en\/wp-json\/wp\/v2\/pages\/7020","targetHints":{"allow":["GET"]}}],"collection":[{"href":"https:\/\/www.kueba.ch\/en\/wp-json\/wp\/v2\/pages"}],"about":[{"href":"https:\/\/www.kueba.ch\/en\/wp-json\/wp\/v2\/types\/page"}],"author":[{"embeddable":true,"href":"https:\/\/www.kueba.ch\/en\/wp-json\/wp\/v2\/users\/2"}],"replies":[{"embeddable":true,"href":"https:\/\/www.kueba.ch\/en\/wp-json\/wp\/v2\/comments?post=7020"}],"version-history":[{"count":1,"href":"https:\/\/www.kueba.ch\/en\/wp-json\/wp\/v2\/pages\/7020\/revisions"}],"predecessor-version":[{"id":7021,"href":"https:\/\/www.kueba.ch\/en\/wp-json\/wp\/v2\/pages\/7020\/revisions\/7021"}],"wp:attachment":[{"href":"https:\/\/www.kueba.ch\/en\/wp-json\/wp\/v2\/media?parent=7020"}],"curies":[{"name":"wp","href":"https:\/\/api.w.org\/{rel}","templated":true}]}}