{"id":6825,"date":"2023-01-12T09:31:44","date_gmt":"2023-01-12T08:31:44","guid":{"rendered":"https:\/\/www.kueba.ch\/holding\/"},"modified":"2025-01-17T08:53:47","modified_gmt":"2025-01-17T07:53:47","slug":"holding","status":"publish","type":"page","link":"https:\/\/www.kueba.ch\/en\/holding\/","title":{"rendered":"Holding"},"content":{"rendered":"\t\t<div data-elementor-type=\"wp-page\" data-elementor-id=\"6825\" class=\"elementor elementor-6825 elementor-5976\" data-elementor-post-type=\"page\">\n\t\t\t\t<div class=\"elementor-element elementor-element-4417812f e-flex e-con-boxed e-con e-parent\" data-id=\"4417812f\" data-element_type=\"container\" data-e-type=\"container\">\n\t\t\t\t\t<div class=\"e-con-inner\">\n\t\t\t\t<div class=\"elementor-element elementor-element-632a638b elementor-widget__width-initial elementor-widget elementor-widget-heading\" data-id=\"632a638b\" data-element_type=\"widget\" data-e-type=\"widget\" data-widget_type=\"heading.default\">\n\t\t\t\t<div class=\"elementor-widget-container\">\n\t\t\t\t\t<p class=\"elementor-heading-title elementor-size-default\">K\u00fcnzlerBachmann AG<\/p>\t\t\t\t<\/div>\n\t\t\t\t<\/div>\n\t\t\t\t<div class=\"elementor-element elementor-element-b437480 elementor-widget__width-initial elementor-widget elementor-widget-heading\" data-id=\"b437480\" data-element_type=\"widget\" data-e-type=\"widget\" data-widget_type=\"heading.default\">\n\t\t\t\t<div class=\"elementor-widget-container\">\n\t\t\t\t\t<h1 class=\"elementor-heading-title elementor-size-default\">A roof supported by strong pillars<\/h1>\t\t\t\t<\/div>\n\t\t\t\t<\/div>\n\t\t\t\t<div class=\"elementor-element elementor-element-7c6a77f1 elementor-widget__width-initial elementor-widget elementor-widget-text-editor\" data-id=\"7c6a77f1\" data-element_type=\"widget\" data-e-type=\"widget\" data-widget_type=\"text-editor.default\">\n\t\t\t\t<div class=\"elementor-widget-container\">\n\t\t\t\t\t\t\t\t\t<p><strong>K\u00fcnzlerBachman combines expertise with traditional values under one roof. Our extensive services are the foundation of our success in publishing and direct marketing. We are your reliable partner for address management, subscriber services and advertising sales.<\/strong><\/p>\n<p>&nbsp;<\/p>\n<p>The former advertising agency E. K\u00fcnzler-Bachmann was founded by Eugen K\u00fcnzler and his wife Elise K\u00fcnzler-Bachmann in 1912. The current company K\u00fcnzlerBachmann respects the traditions of the past as it continues its success story with the use of modern technology. The basis of our work these days is still the winning combination of successful advertising business, targeted sales and acquisition of correct addresses. As a pioneer in electronic data processing, address handling, and laser and digital printing, we have established the best conditions for our diverse activities over the past 100 years. K\u00fcnzlerBachmann stands for holistic direct marketing and innovative publishing joined under the roof of a powerful yet lean holding company.<\/p>\n\t\t\t\t\t\t\t\t<\/div>\n\t\t\t\t<\/div>\n\t\t\t\t\t<\/div>\n\t\t\t\t<\/div>\n\t\t<div class=\"elementor-element elementor-element-99adbc2 e-flex e-con-boxed e-con e-parent\" data-id=\"99adbc2\" data-element_type=\"container\" data-e-type=\"container\">\n\t\t\t\t\t<div class=\"e-con-inner\">\n\t\t\t\t<div class=\"elementor-element elementor-element-4266ccd elementor-widget elementor-widget-image\" data-id=\"4266ccd\" data-element_type=\"widget\" data-e-type=\"widget\" data-widget_type=\"image.default\">\n\t\t\t\t<div class=\"elementor-widget-container\">\n\t\t\t\t\t\t\t\t\t\t\t\t\t\t\t<img decoding=\"async\" src=\"https:\/\/www.kueba.ch\/wp-content\/uploads\/maurizio-trenti.jpg\" title=\"maurizio-trenti\" alt=\"maurizio-trenti\" loading=\"lazy\" \/>\t\t\t\t\t\t\t\t\t\t\t\t\t\t\t<\/div>\n\t\t\t\t<\/div>\n\t\t\t\t<div class=\"elementor-element elementor-element-659d89a elementor-widget elementor-widget-text-editor\" data-id=\"659d89a\" data-element_type=\"widget\" data-e-type=\"widget\" data-widget_type=\"text-editor.default\">\n\t\t\t\t<div class=\"elementor-widget-container\">\n\t\t\t\t\t\t\t\t\t<p>Maurizio Trenti<\/p>\n\t\t\t\t\t\t\t\t<\/div>\n\t\t\t\t<\/div>\n\t\t\t\t<div class=\"elementor-element elementor-element-10fc85e elementor-widget elementor-widget-text-editor\" data-id=\"10fc85e\" data-element_type=\"widget\" data-e-type=\"widget\" data-widget_type=\"text-editor.default\">\n\t\t\t\t<div class=\"elementor-widget-container\">\n\t\t\t\t\t\t\t\t\t<p>CEO<\/p>\n\t\t\t\t\t\t\t\t<\/div>\n\t\t\t\t<\/div>\n\t\t\t\t<div class=\"elementor-element elementor-element-793b5a3 elementor-align-center elementor-widget elementor-widget-button\" data-id=\"793b5a3\" data-element_type=\"widget\" data-e-type=\"widget\" data-widget_type=\"button.default\">\n\t\t\t\t<div class=\"elementor-widget-container\">\n\t\t\t\t\t\t\t\t\t<div class=\"elementor-button-wrapper\">\n\t\t\t\t\t<a class=\"elementor-button elementor-button-link elementor-size-sm\" href=\"mailto:m.trenti@kueba.ch\">\n\t\t\t\t\t\t<span class=\"elementor-button-content-wrapper\">\n\t\t\t\t\t\t\t\t\t<span class=\"elementor-button-text\">m.trenti@kueba.ch<\/span>\n\t\t\t\t\t<\/span>\n\t\t\t\t\t<\/a>\n\t\t\t\t<\/div>\n\t\t\t\t\t\t\t\t<\/div>\n\t\t\t\t<\/div>\n\t\t\t\t\t<\/div>\n\t\t\t\t<\/div>\n\t\t\t\t<\/div>\n\t\t","protected":false},"excerpt":{"rendered":"<p>K\u00fcnzlerBachmann AG A roof supported by strong pillars K\u00fcnzlerBachman combines expertise with traditional values under one roof. Our extensive services are the foundation of our success in publishing and direct marketing. We are your reliable partner for address management, subscriber services and advertising sales. &nbsp; The former advertising agency E. K\u00fcnzler-Bachmann was founded by Eugen [&hellip;]<\/p>\n","protected":false},"author":2,"featured_media":0,"parent":0,"menu_order":0,"comment_status":"closed","ping_status":"closed","template":"elementor_theme","meta":{"footnotes":""},"class_list":["post-6825","page","type-page","status-publish","hentry"],"yoast_head":"<!-- This site is optimized with the Yoast SEO plugin v27.5 - https:\/\/yoast.com\/product\/yoast-seo-wordpress\/ -->\n<title>Holding - K\u00fcnzlerBachmann AG<\/title>\n<meta name=\"robots\" content=\"index, follow, max-snippet:-1, max-image-preview:large, max-video-preview:-1\" \/>\n<link rel=\"canonical\" href=\"https:\/\/www.kueba.ch\/en\/holding\/\" \/>\n<meta property=\"og:locale\" content=\"en_US\" \/>\n<meta property=\"og:type\" content=\"article\" \/>\n<meta property=\"og:title\" content=\"Holding - K\u00fcnzlerBachmann AG\" \/>\n<meta property=\"og:description\" content=\"K\u00fcnzlerBachmann AG A roof supported by strong pillars K\u00fcnzlerBachman combines expertise with traditional values under one roof. Our extensive services are the foundation of our success in publishing and direct marketing. We are your reliable partner for address management, subscriber services and advertising sales. &nbsp; The former advertising agency E. K\u00fcnzler-Bachmann was founded by Eugen [&hellip;]\" \/>\n<meta property=\"og:url\" content=\"https:\/\/www.kueba.ch\/en\/holding\/\" \/>\n<meta property=\"og:site_name\" content=\"K\u00fcnzlerBachmann AG\" \/>\n<meta property=\"article:modified_time\" content=\"2025-01-17T07:53:47+00:00\" \/>\n<meta property=\"og:image\" content=\"https:\/\/www.kueba.ch\/wp-content\/uploads\/maurizio-trenti.jpg\" \/>\n<meta name=\"twitter:card\" content=\"summary_large_image\" \/>\n<meta name=\"twitter:label1\" content=\"Est. reading time\" \/>\n\t<meta name=\"twitter:data1\" content=\"1 minute\" \/>\n<script type=\"application\/ld+json\" class=\"yoast-schema-graph\">{\"@context\":\"https:\\\/\\\/schema.org\",\"@graph\":[{\"@type\":\"WebPage\",\"@id\":\"https:\\\/\\\/www.kueba.ch\\\/en\\\/holding\\\/\",\"url\":\"https:\\\/\\\/www.kueba.ch\\\/en\\\/holding\\\/\",\"name\":\"Holding - K\u00fcnzlerBachmann AG\",\"isPartOf\":{\"@id\":\"https:\\\/\\\/www.kueba.ch\\\/en\\\/#website\"},\"primaryImageOfPage\":{\"@id\":\"https:\\\/\\\/www.kueba.ch\\\/en\\\/holding\\\/#primaryimage\"},\"image\":{\"@id\":\"https:\\\/\\\/www.kueba.ch\\\/en\\\/holding\\\/#primaryimage\"},\"thumbnailUrl\":\"https:\\\/\\\/www.kueba.ch\\\/wp-content\\\/uploads\\\/maurizio-trenti.jpg\",\"datePublished\":\"2023-01-12T08:31:44+00:00\",\"dateModified\":\"2025-01-17T07:53:47+00:00\",\"breadcrumb\":{\"@id\":\"https:\\\/\\\/www.kueba.ch\\\/en\\\/holding\\\/#breadcrumb\"},\"inLanguage\":\"en-US\",\"potentialAction\":[{\"@type\":\"ReadAction\",\"target\":[\"https:\\\/\\\/www.kueba.ch\\\/en\\\/holding\\\/\"]}]},{\"@type\":\"ImageObject\",\"inLanguage\":\"en-US\",\"@id\":\"https:\\\/\\\/www.kueba.ch\\\/en\\\/holding\\\/#primaryimage\",\"url\":\"https:\\\/\\\/www.kueba.ch\\\/wp-content\\\/uploads\\\/maurizio-trenti.jpg\",\"contentUrl\":\"https:\\\/\\\/www.kueba.ch\\\/wp-content\\\/uploads\\\/maurizio-trenti.jpg\"},{\"@type\":\"BreadcrumbList\",\"@id\":\"https:\\\/\\\/www.kueba.ch\\\/en\\\/holding\\\/#breadcrumb\",\"itemListElement\":[{\"@type\":\"ListItem\",\"position\":1,\"name\":\"Startseite\",\"item\":\"https:\\\/\\\/www.kueba.ch\\\/en\\\/\"},{\"@type\":\"ListItem\",\"position\":2,\"name\":\"Holding\"}]},{\"@type\":\"WebSite\",\"@id\":\"https:\\\/\\\/www.kueba.ch\\\/en\\\/#website\",\"url\":\"https:\\\/\\\/www.kueba.ch\\\/en\\\/\",\"name\":\"K\u00fcnzlerBachmann AG\",\"description\":\"\",\"publisher\":{\"@id\":\"https:\\\/\\\/www.kueba.ch\\\/en\\\/#organization\"},\"potentialAction\":[{\"@type\":\"SearchAction\",\"target\":{\"@type\":\"EntryPoint\",\"urlTemplate\":\"https:\\\/\\\/www.kueba.ch\\\/en\\\/?s={search_term_string}\"},\"query-input\":{\"@type\":\"PropertyValueSpecification\",\"valueRequired\":true,\"valueName\":\"search_term_string\"}}],\"inLanguage\":\"en-US\"},{\"@type\":\"Organization\",\"@id\":\"https:\\\/\\\/www.kueba.ch\\\/en\\\/#organization\",\"name\":\"K\u00fcnzlerBachmann AG\",\"url\":\"https:\\\/\\\/www.kueba.ch\\\/en\\\/\",\"logo\":{\"@type\":\"ImageObject\",\"inLanguage\":\"en-US\",\"@id\":\"https:\\\/\\\/www.kueba.ch\\\/en\\\/#\\\/schema\\\/logo\\\/image\\\/\",\"url\":\"https:\\\/\\\/www.kueba.ch\\\/wp-content\\\/uploads\\\/logo-kbholding-1.svg\",\"contentUrl\":\"https:\\\/\\\/www.kueba.ch\\\/wp-content\\\/uploads\\\/logo-kbholding-1.svg\",\"width\":435,\"height\":95,\"caption\":\"K\u00fcnzlerBachmann AG\"},\"image\":{\"@id\":\"https:\\\/\\\/www.kueba.ch\\\/en\\\/#\\\/schema\\\/logo\\\/image\\\/\"}}]}<\/script>\n<!-- \/ Yoast SEO plugin. -->","yoast_head_json":{"title":"Holding - K\u00fcnzlerBachmann AG","robots":{"index":"index","follow":"follow","max-snippet":"max-snippet:-1","max-image-preview":"max-image-preview:large","max-video-preview":"max-video-preview:-1"},"canonical":"https:\/\/www.kueba.ch\/en\/holding\/","og_locale":"en_US","og_type":"article","og_title":"Holding - K\u00fcnzlerBachmann AG","og_description":"K\u00fcnzlerBachmann AG A roof supported by strong pillars K\u00fcnzlerBachman combines expertise with traditional values under one roof. Our extensive services are the foundation of our success in publishing and direct marketing. We are your reliable partner for address management, subscriber services and advertising sales. &nbsp; The former advertising agency E. K\u00fcnzler-Bachmann was founded by Eugen [&hellip;]","og_url":"https:\/\/www.kueba.ch\/en\/holding\/","og_site_name":"K\u00fcnzlerBachmann AG","article_modified_time":"2025-01-17T07:53:47+00:00","og_image":[{"url":"https:\/\/www.kueba.ch\/wp-content\/uploads\/maurizio-trenti.jpg","type":"","width":"","height":""}],"twitter_card":"summary_large_image","twitter_misc":{"Est. reading time":"1 minute"},"schema":{"@context":"https:\/\/schema.org","@graph":[{"@type":"WebPage","@id":"https:\/\/www.kueba.ch\/en\/holding\/","url":"https:\/\/www.kueba.ch\/en\/holding\/","name":"Holding - K\u00fcnzlerBachmann AG","isPartOf":{"@id":"https:\/\/www.kueba.ch\/en\/#website"},"primaryImageOfPage":{"@id":"https:\/\/www.kueba.ch\/en\/holding\/#primaryimage"},"image":{"@id":"https:\/\/www.kueba.ch\/en\/holding\/#primaryimage"},"thumbnailUrl":"https:\/\/www.kueba.ch\/wp-content\/uploads\/maurizio-trenti.jpg","datePublished":"2023-01-12T08:31:44+00:00","dateModified":"2025-01-17T07:53:47+00:00","breadcrumb":{"@id":"https:\/\/www.kueba.ch\/en\/holding\/#breadcrumb"},"inLanguage":"en-US","potentialAction":[{"@type":"ReadAction","target":["https:\/\/www.kueba.ch\/en\/holding\/"]}]},{"@type":"ImageObject","inLanguage":"en-US","@id":"https:\/\/www.kueba.ch\/en\/holding\/#primaryimage","url":"https:\/\/www.kueba.ch\/wp-content\/uploads\/maurizio-trenti.jpg","contentUrl":"https:\/\/www.kueba.ch\/wp-content\/uploads\/maurizio-trenti.jpg"},{"@type":"BreadcrumbList","@id":"https:\/\/www.kueba.ch\/en\/holding\/#breadcrumb","itemListElement":[{"@type":"ListItem","position":1,"name":"Startseite","item":"https:\/\/www.kueba.ch\/en\/"},{"@type":"ListItem","position":2,"name":"Holding"}]},{"@type":"WebSite","@id":"https:\/\/www.kueba.ch\/en\/#website","url":"https:\/\/www.kueba.ch\/en\/","name":"K\u00fcnzlerBachmann AG","description":"","publisher":{"@id":"https:\/\/www.kueba.ch\/en\/#organization"},"potentialAction":[{"@type":"SearchAction","target":{"@type":"EntryPoint","urlTemplate":"https:\/\/www.kueba.ch\/en\/?s={search_term_string}"},"query-input":{"@type":"PropertyValueSpecification","valueRequired":true,"valueName":"search_term_string"}}],"inLanguage":"en-US"},{"@type":"Organization","@id":"https:\/\/www.kueba.ch\/en\/#organization","name":"K\u00fcnzlerBachmann AG","url":"https:\/\/www.kueba.ch\/en\/","logo":{"@type":"ImageObject","inLanguage":"en-US","@id":"https:\/\/www.kueba.ch\/en\/#\/schema\/logo\/image\/","url":"https:\/\/www.kueba.ch\/wp-content\/uploads\/logo-kbholding-1.svg","contentUrl":"https:\/\/www.kueba.ch\/wp-content\/uploads\/logo-kbholding-1.svg","width":435,"height":95,"caption":"K\u00fcnzlerBachmann AG"},"image":{"@id":"https:\/\/www.kueba.ch\/en\/#\/schema\/logo\/image\/"}}]}},"_links":{"self":[{"href":"https:\/\/www.kueba.ch\/en\/wp-json\/wp\/v2\/pages\/6825","targetHints":{"allow":["GET"]}}],"collection":[{"href":"https:\/\/www.kueba.ch\/en\/wp-json\/wp\/v2\/pages"}],"about":[{"href":"https:\/\/www.kueba.ch\/en\/wp-json\/wp\/v2\/types\/page"}],"author":[{"embeddable":true,"href":"https:\/\/www.kueba.ch\/en\/wp-json\/wp\/v2\/users\/2"}],"replies":[{"embeddable":true,"href":"https:\/\/www.kueba.ch\/en\/wp-json\/wp\/v2\/comments?post=6825"}],"version-history":[{"count":5,"href":"https:\/\/www.kueba.ch\/en\/wp-json\/wp\/v2\/pages\/6825\/revisions"}],"predecessor-version":[{"id":7149,"href":"https:\/\/www.kueba.ch\/en\/wp-json\/wp\/v2\/pages\/6825\/revisions\/7149"}],"wp:attachment":[{"href":"https:\/\/www.kueba.ch\/en\/wp-json\/wp\/v2\/media?parent=6825"}],"curies":[{"name":"wp","href":"https:\/\/api.w.org\/{rel}","templated":true}]}}